{"id":1094,"date":"2019-06-23T21:12:38","date_gmt":"2019-06-23T19:12:38","guid":{"rendered":"http:\/\/www.chill-in.cz\/?page_id=1094"},"modified":"2024-07-03T13:18:12","modified_gmt":"2024-07-03T11:18:12","slug":"biriyani-zjednodusena-metoda","status":"publish","type":"page","link":"https:\/\/www.chill-in.cz\/index.php\/biriyani-zjednodusena-metoda\/","title":{"rendered":"Biriyani masala"},"content":{"rendered":"<p style=\"text-align: left;\">INDICK\u00c9 RECEPTY &#8212;&gt; BIRIYANI MASALA<\/p>\n<p>P\u0159\u00edprava masov\u00e9 sm\u011bsi s ko\u0159en\u00edm. Druhou p\u016flku receptu tvo\u0159\u00ed <a href=\"https:\/\/www.chill-in.cz\/index.php\/biriyani-ryze-2024\/\">biriyani rice<\/a> coby p\u0159\u00edloha. Jedn\u00e1 se o jednodu\u0161\u0161\u00ed variantu p\u0159\u00edpravy biriyani, p\u00e1\u010d Chicken dum biriyani je trochu del\u0161\u00ed poh\u00e1dka.<\/p>\n<p><img loading=\"lazy\" decoding=\"async\" class=\"aligncenter wp-image-1150 size-large\" src=\"http:\/\/www.chill-in.cz\/wp-content\/uploads\/2019\/07\/biriyani_masala_04-1024x683.jpg\" alt=\"\" width=\"730\" height=\"487\" srcset=\"https:\/\/www.chill-in.cz\/wp-content\/uploads\/2019\/07\/biriyani_masala_04-1024x683.jpg 1024w, https:\/\/www.chill-in.cz\/wp-content\/uploads\/2019\/07\/biriyani_masala_04-300x200.jpg 300w, https:\/\/www.chill-in.cz\/wp-content\/uploads\/2019\/07\/biriyani_masala_04-768x512.jpg 768w\" sizes=\"auto, (max-width: 730px) 100vw, 730px\" \/><\/p>\n<p style=\"text-align: center;\">&#8212;&#8212;&#8212; <strong>intro<\/strong> &#8212;&#8212;&#8212;-<\/p>\n<p>Ta frakce indick\u00e9 kuchyn\u011b, kterou jsem stihl intenzivn\u011b za\u017e\u00edt, m\u00e1 n\u011bkolik ikonick\u00fdch pokrm\u016f. Jeden z t\u011bchto alfapokrm\u016f je chicken tikka masala (nebo mutton). To je v t\u00e9to bran\u017ei celkem dost velk\u00fd zv\u00ed\u0159e. K tikka masale jsem se modlil u\u017e d\u0159\u00edv. Stejn\u011b tak (a mo\u017en\u00e1 i trochu v\u00edc) je dominantn\u00ed a dal\u0161\u00ed chu\u0165ov\u011b besti\u00e1ln\u00ed ikona &#8211; BIRIYANI. To je kurva jm\u00e9no! Tam, kde jsem se ut\u00e1p\u011bl v tom har\u00e9mu chut\u00ed, va\u0159ili biriyani p\u016fvodem z ji\u017en\u00ed Keraly (spodek Indie). A p\u0159esn\u011b t\u00e9to chuti bych cht\u011bl dos\u00e1hnout tady na ji\u017en\u00ed Morav\u011b (spodek \u010cesk\u00e9 republiky).<\/p>\n<p>Klasika: Zase tady vis\u00ed t\u0159i prdele ingredienc\u00ed a n\u011bkolik \u00c1 \u010dtverek pochybn\u00fdho textu, kterej je plnej prdel\u00ed, kuref a dal\u0161\u00edch zvratk\u016f, jejich\u017e ejakul\u00e1tem by \u00fadajn\u011b m\u011bl b\u00fdt dal\u0161\u00ed z <strong>fucking amazing best india food kurva ever<\/strong>! Prost\u011b kozy, frnda a soulo\u017e se \u010dte mnohem l\u00edp a ka\u017edej asi tak trochu v\u00ed, o co se jedn\u00e1 &#8230;. gde\u017eto gdy\u017e se \u0159ekne BIRIYANI? Co to WTF je??? S p\u0159edchoz\u00ed v\u011btou to ale m\u00e1 jednu v\u011bc velmi spole\u010dnou a to: TAKY Z TOHO M\u016e\u017dE B\u00ddT PO\u0158\u00c1DNEJ Z\u00c1\u017dITEK, KTEREJ CHCE\u0160 ZNOVU! \ud83d\ude09<\/p>\n<p style=\"text-align: left;\">P\u0159ed va\u0159en\u00edm si mus\u00ed\u0161 polo\u017eit jednu ot\u00e1zku: \u201ePro\u010d chcu zkusit zrovna tento recept, kdy\u017e je tak dlouhej a vypad\u00e1 tak slo\u017eit\u011b?\u201c Ta ot\u00e1zka je na m\u00edst\u011b. V\u017edy\u0165 nap\u0159\u00edklad jenom na \u010desk\u00fdm internetu je spousta recept\u016f na \u201eBIRIYANI\u201c, kter\u00fd jsou mnohem jednodu\u0161\u0161\u00ed. ALE! Bohu\u017eel pro spoustu z t\u011bchto recept\u016f je mnohem p\u0159esn\u011bj\u0161\u00ed definice: \u201eKu\u0159ec\u00ed rizoto s indick\u00fdm ko\u0159en\u00edm\u201c.<br \/>\nBIRIYANI toti\u017e vykazuje minim\u00e1ln\u011b \u010dty\u0159i rysy, kter\u00e9 jsou pro n\u011bho neodmysliteln\u011b charakteristick\u00e9.<\/p>\n<p style=\"text-align: left;\">1) V biriyani je v\u017edycky chilli. V\u017dDYCKY!<br \/>\n2) Alfa omega ka\u017ed\u00fdho spr\u00e1vn\u00fdho biriyani je <a href=\"http:\/\/www.chill-in.cz\/index.php\/smazena-cibule\/\"><strong>SMA\u017dEN\u00c1 CIBULA<\/strong><\/a>.<br \/>\n3) Neobejde se bez po\u0159\u00e1dn\u00e9 hrsti list\u00ed z koriandru.<br \/>\n4) Maso mus\u00ed b\u00fdt promarinovan\u00fd skrz na skrz. A to nen\u00ed za p\u016fl hodiny.<\/p>\n<p style=\"text-align: left;\">Kdy\u017e na z\u00e1klad\u011b t\u011bchto parametr\u016f profiltruje\u0161 \u010desk\u00fd recepty na internetu, tak ti z\u016fstane jenom jeden. TENTO \ud83d\ude42 To je n\u00e1hoda. Tak to je p\u0159esn\u011b ten d\u016fvod, pro\u010d ho zkusit!<\/p>\n<p style=\"text-align: center;\">&#8212;&#8212;&#8212; <strong>kostra receptu<\/strong>\u00a0&#8212;&#8212;&#8212;-<\/p>\n<p>Jsou dva mainstreamov\u00fd proudy, kter\u00fdma se d\u00e1 dobr\u00fd biriyani p\u0159ipravit. BTW: Tato str\u00e1nka popisuje &#8222;zjednodu\u0161enou metodu&#8220;.<\/p>\n<ol>\n<li><strong>Zjednodu\u0161en\u00e1 metoda<\/strong> na biriyani. Tento zp\u016fsob nen\u00ed sice natolik tradi\u010dn\u00ed, ale je o dost v\u00edce user-friendly. Je provediteln\u00fd za pou\u017eit\u00ed b\u011b\u017en\u00fdch postup\u016f, na kter\u00fd jsme z \u010desk\u00e9 kuchyn\u011b zvykl\u00ed. Takhle n\u011bjak to val\u00ed v indick\u00fdch restaurac\u00edch, kdy\u017e jedou na kvantitu, proto\u017ee takhle se d\u00e1 uva\u0159it v\u00edce, ne\u017e osm porc\u00ed, co\u017e je v\u00fdhoda t\u00e9to metody. Jde o <strong>dv\u011b<\/strong> va\u0159en\u00ed. Uva\u0159\u00ed\u0161 <strong>biriyani gravy<\/strong>\u00a0(co\u017e je tento recept) a\u00a0<a href=\"http:\/\/www.chill-in.cz\/index.php\/biriyani-ryze\/\"><strong><strong>biriyani r\u00fd\u017eu<\/strong><\/strong><\/a>.<br \/>\n<span style=\"color: #ffffff;\">k<\/span><\/li>\n<li><a href=\"https:\/\/www.chill-in.cz\/index.php\/chicken-dum-biriyani\/\"><strong>Tradi\u010dn\u00ed metoda<\/strong><\/a> p\u0159\u00edpravy biriyani vykazuje minim\u00e1ln\u011b dva prvky, kter\u00fd p\u0159i va\u0159en\u00ed prost\u011b b\u011b\u017en\u011b ned\u011bl\u00e1\u0161. Nicm\u00e9n\u011b v\u00fdsledek by m\u011bl m\u00edt v\u011bt\u0161\u00ed potenci\u00e1l, a to hlavn\u011b proto, \u017ee nepou\u017e\u00edv\u00e1\u0161 papi\u0148\u00e1k, tak\u017ee v\u016fn\u011b nevyfi\u010d\u00ed s p\u00e1rou a jsou po celou dobu p\u0159\u00edtomny v j\u00eddle. Gravy a r\u00fd\u0159e se va\u0159\u00ed spolu, tak\u017ee nen\u00ed pot\u0159eba p\u0159ipravovat dv\u011b va\u0159en\u00ed. S b\u011b\u017en\u00fdm n\u00e1dob\u00edm je u t\u00e9to metody limit cca 8 porc\u00ed najednou.<\/li>\n<\/ol>\n<p style=\"text-align: center;\">&#8212;&#8212;&#8212; <b>ingredience\u00a0<\/b>&#8212;&#8212;&#8212;-<\/p>\n<p><img loading=\"lazy\" decoding=\"async\" class=\"aligncenter wp-image-1149 size-large\" src=\"http:\/\/www.chill-in.cz\/wp-content\/uploads\/2019\/07\/biriyani_masala_03-1024x683.jpg\" alt=\"\" width=\"730\" height=\"487\" srcset=\"https:\/\/www.chill-in.cz\/wp-content\/uploads\/2019\/07\/biriyani_masala_03-1024x683.jpg 1024w, https:\/\/www.chill-in.cz\/wp-content\/uploads\/2019\/07\/biriyani_masala_03-300x200.jpg 300w, https:\/\/www.chill-in.cz\/wp-content\/uploads\/2019\/07\/biriyani_masala_03-768x512.jpg 768w\" sizes=\"auto, (max-width: 730px) 100vw, 730px\" \/><\/p>\n<p>INGREDIENCE PRO MARIN\u00c1DU. Mimochodem: marinov\u00e1n\u00ed masa m\u00e1 p\u0159i <strong>zjednodu\u0161en\u00e9<\/strong> a <strong>tradi\u010dn\u00ed metod\u011b<\/strong> stejn\u00fd pr\u016fb\u011bh.<\/p>\n<ul>\n<li>N\u011bco kolem \u00be kg (nebo 1 kg s kostima) mutton nebo lamb nebo chicken, kosti jsou v\u00fdhoda<\/li>\n<li>1 tbsp GHEE<\/li>\n<li>MLET\u00dd KO\u0158EN\u00cd\n<ul>\n<li>1 tsp \u2013 koriandr<\/li>\n<li>1 tsp \u2013 ka\u0161m\u00edr chilli<\/li>\n<li>1 tsp \u2013 kurkuma<\/li>\n<li>1 tsp \u2013 pep\u0159<\/li>\n<li>1 tsp \u2013 sko\u0159ice<\/li>\n<li>1 bady\u00e1n<\/li>\n<li>1 tsp \u2013 \u0159\u00edmsk\u00fd km\u00edn<\/li>\n<li>1 tsp \u2013 fenyklu<\/li>\n<li>10 semen kardamomu<\/li>\n<li>10 h\u0159eb\u00ed\u010dk\u016f<\/li>\n<li>2 velk\u00fd bobk\u00e1\u010de<\/li>\n<\/ul>\n<\/li>\n<\/ul>\n<ul>\n<li style=\"list-style-type: none;\"><em>Pozn\u00e1mka:<\/em> Druh\u00e1 p\u016flka tohoto seznamu se \u010dast\u011bji vyskytuje ve form\u011b cel\u00fdho ko\u0159en\u00ed. Pokud nem\u00e1\u0161 mo\u017enost to rozjebat elektrick\u00fdm ml\u00fdnkem na ko\u0159en\u00ed, tak to aspo\u0148 co nejv\u00edc po\u0148uhn\u011bj ve hmo\u017ed\u00ed\u0159u. Pro marin\u00e1du je ide\u00e1ln\u00ed pr\u00e1\u0161kov\u00fd ko\u0159en\u00ed.<\/li>\n<li>3 velk\u00fd SMA\u017dEN\u00dd CIBULE<\/li>\n<li>3 tsp GG<\/li>\n<li>2 tsp soli<\/li>\n<li>\u00bd citronu \u0161\u0165\u00e1va<\/li>\n<li>5 green chilli na kole\u010dka nakr\u00e1jen\u00fd<\/li>\n<li>5 tbsp jogurtu<\/li>\n<\/ul>\n<p>VA\u0158EN\u00cd F PAPI\u0147\u00c1KU<\/p>\n<ul>\n<li>1 hrnek vody<\/li>\n<\/ul>\n<p style=\"text-align: center;\">&#8212;&#8212;&#8212; <b>postup<\/b>&#8212;&#8212;&#8212;-<\/p>\n<p><strong>Den 0<\/strong><br \/>\nV\u0161echno krom\u011b jogurtu a vody nah\u00e1zej do papi\u0148\u00e1ku, kde to v\u0161echno nemilosrdn\u011b a silomrdn\u011b rozh\u0148\u00e1c\u00e1\u0161 do kuli\u010dky. A\u017e je promnuto a vmas\u00edrov\u00e1no, tak do toho u\u017e ne tolik intenzivn\u011b vm\u00edchej jogurt a nech den a\u017e dva v lednici. A\u0165 t\u011b ani nenapadne na to hrabat za dv\u011b hodiny, to si m\u016f\u017ee\u0161 mo\u017en\u00e1 dovolit u masaly, ale rozhodn\u011b ne u biriyani. Pro\u010d papi\u0148\u00e1k (tlakov\u00fd hrnec)? Proto\u017ee \u2026<\/p>\n<p><img loading=\"lazy\" decoding=\"async\" class=\"aligncenter wp-image-1153 size-large\" src=\"http:\/\/www.chill-in.cz\/wp-content\/uploads\/2019\/07\/biriyani_masala_07-1024x683.jpg\" alt=\"\" width=\"730\" height=\"487\" srcset=\"https:\/\/www.chill-in.cz\/wp-content\/uploads\/2019\/07\/biriyani_masala_07-1024x683.jpg 1024w, https:\/\/www.chill-in.cz\/wp-content\/uploads\/2019\/07\/biriyani_masala_07-300x200.jpg 300w, https:\/\/www.chill-in.cz\/wp-content\/uploads\/2019\/07\/biriyani_masala_07-768x512.jpg 768w\" sizes=\"auto, (max-width: 730px) 100vw, 730px\" \/><\/p>\n<p><strong>Den 1<\/strong><br \/>\n\u2026 zasere\u0161 m\u00ed\u0148 n\u00e1dob\u00ed. O minim\u00e1ln\u011b jeden den pozd\u011bji: P\u0159idej hrnek vody do papi\u0148\u00e1ku, rozm\u00edchej a dej va\u0159it zat\u00edm na nejv\u011bt\u0161\u00ed plamen na st\u0159edn\u00edm ho\u0159\u00e1ku. Od okam\u017eiku, kdy na spodn\u00ed \u010d\u00e1sti tlak\u00e1\u010du nepude udr\u017eet prsty, uber na minimum. Dej tomu p\u00e1r minut na rozjezd a za\u010dni me\u0159it \u010das. Jak dlouho to od te\u010f bude\u0161 va\u0159it z\u00e1le\u017e\u00ed na druhu masa. Mutton trv\u00e1 t\u0159eba 40 minut. Pokud va\u0159\u00ed\u0161 maso s kostima, tak po hodin\u011b to bude tak m\u011bkk\u00fd, \u017ee kosti jenom vyt\u00e1hne\u0161. Pro ku\u0159e se minuty zkracujou t\u0159eba o p\u016flku. Odtlakuj papi\u0148\u00e1k a pokud tam bylo moc vody, tak bude pot\u0159eba redukovat, aby bylo dosa\u017eeno t\u00e9 spr\u00e1vn\u00e9 konzistence, kter\u00e1 op\u011bt nen\u00ed moc tekut\u00e1.<\/p>\n<p>A je to. Prvn\u00ed p\u016flka p\u0159\u00edpravy biriyani je hotov\u00e1. Te\u010f u\u017e pot\u0159ebuje\u0161 jenom nachystat <a href=\"http:\/\/www.chill-in.cz\/index.php\/biriyani-ryze\/\"><strong>BIRIYANI RICE<\/strong><\/a>.<\/p>\n<p>Serv\u00edruj to tak, \u017ee prvn\u011b d\u00e1\u0161 na tal\u00ed\u0159 trochu hotov\u00e9 masov\u00e9 hmoty a v dal\u0161\u00edm kroku to zabal\u00ed\u0161 do kope\u010dku <strong>biriyani r\u00fd\u017ee<\/strong> p\u0159es celej tal\u00ed\u0159. Tohle je BIRIYANI SOUTH KERALA STYLE!<\/p>\n<p><img loading=\"lazy\" decoding=\"async\" class=\"aligncenter wp-image-1151 size-large\" src=\"http:\/\/www.chill-in.cz\/wp-content\/uploads\/2019\/07\/biriyani_masala_05-1024x683.jpg\" alt=\"\" width=\"730\" height=\"487\" srcset=\"https:\/\/www.chill-in.cz\/wp-content\/uploads\/2019\/07\/biriyani_masala_05-1024x683.jpg 1024w, https:\/\/www.chill-in.cz\/wp-content\/uploads\/2019\/07\/biriyani_masala_05-300x200.jpg 300w, https:\/\/www.chill-in.cz\/wp-content\/uploads\/2019\/07\/biriyani_masala_05-768x512.jpg 768w\" sizes=\"auto, (max-width: 730px) 100vw, 730px\" \/><\/p>\n<p><em>Pozn\u00e1mka:<\/em> Na fotce je masov\u00e1 hmota \u010derstv\u011b vyta\u017een\u00e1 z ledni\u010dky, proto na prvn\u00ed pohled moc nete\u010de.\u00a0Fin\u00e1ln\u00ed fotka je z\u00e1rove\u0148 i prvn\u00ed fotka naho\u0159e.<\/p>\n<p style=\"text-align: center;\">&#8212;&#8212;&#8212; <b>indick\u00e1 babi\u010dka rad\u00ed\u00a0<\/b>&#8212;&#8212;&#8212;-<\/p>\n<ul>\n<li>Jeliko\u017e pokrm je ost\u0159ej\u0161\u00ed, a to tak m\u00e1 b\u00fdt, tak se k n\u011bmu pod\u00e1v\u00e1 malink\u00e1 misti\u010dka <a href=\"http:\/\/www.chill-in.cz\/index.php\/rajta\/\"><strong>rajty<\/strong><\/a>.<\/li>\n<\/ul>\n<p style=\"text-align: center;\"><span style=\"color: #ff0000;\"><strong>!!! D\u016eLE\u017dIT\u00c9 UPOZORN\u011aN\u00cd !!!<\/strong><\/span><\/p>\n<p>Pro v\u0161echny, kte\u0159\u00ed se t\u011b\u0161\u00ed, \u017ee si to uva\u0159\u00ed a hned budou m\u00edt extra ba\u0161tu na tal\u00ed\u0159u, tak je bohu\u017eel nutn\u00e9 ude\u0159it tvrdou r\u00e1nou v podob\u011b n\u00e1sleduj\u00edc\u00ed informace: By byla velice velk\u00e1 \u0161koda se pr\u00e1v\u011b vytvo\u0159en\u00fd pokrm pokou\u0161et se\u017erat hned prvn\u00ed den nebo to nedej bo\u017ee se\u017erat hned po uva\u0159en\u00ed. Pravd\u011bpodobn\u011b by nastalo zd\u011b\u0161en\u00ed a n\u00e1sledn\u00e9 zklam\u00e1n\u00ed. K tomu, aby v\u0161echny vlo\u017een\u00e9 chut\u011b stihly prom\u00edchat a vytvo\u0159it charakteristick\u00fd biriyani \u0161mak, je pot\u0159eba \u010das. Klidn\u011b si to zkus pr\u016fb\u011b\u017en\u011b ochutn\u00e1vat a nakonec uvid\u00ed\u0161, \u017ee tohle j\u00eddlo za\u010dne b\u00fdt chu\u0165ov\u011b nejlep\u0161\u00ed po dvou dnech v lednici. Z\u00e1rove\u0148 je nutn\u00e9 \u0159\u00edct, \u017ee od p\u00e1t\u00fdho dne d\u00e1l u\u017e chu\u0165 za\u010d\u00edn\u00e1 ch\u0159adnout. To sam\u00fd plat\u00ed i pro <a href=\"http:\/\/www.chill-in.cz\/index.php\/biriyani-ryze\/\"><strong>biriyani r\u00fd\u017eu<\/strong><\/a>.<\/p>\n<p style=\"text-align: center;\">&#8212;&#8212;&#8212; <b>fotogalerie\u00a0<\/b>&#8212;&#8212;&#8212;-<\/p>\n<div id='gallery-1' class='gallery galleryid-1094 gallery-columns-2 gallery-size-medium'><figure class='gallery-item'>\n\t\t\t<div class='gallery-icon landscape'>\n\t\t\t\t<a href='https:\/\/www.chill-in.cz\/wp-content\/uploads\/2019\/07\/biriyani_masala_03.jpg'><img loading=\"lazy\" decoding=\"async\" width=\"300\" height=\"200\" src=\"https:\/\/www.chill-in.cz\/wp-content\/uploads\/2019\/07\/biriyani_masala_03-300x200.jpg\" class=\"attachment-medium size-medium\" alt=\"\" srcset=\"https:\/\/www.chill-in.cz\/wp-content\/uploads\/2019\/07\/biriyani_masala_03-300x200.jpg 300w, https:\/\/www.chill-in.cz\/wp-content\/uploads\/2019\/07\/biriyani_masala_03-768x512.jpg 768w, https:\/\/www.chill-in.cz\/wp-content\/uploads\/2019\/07\/biriyani_masala_03-1024x683.jpg 1024w\" sizes=\"auto, (max-width: 300px) 100vw, 300px\" \/><\/a>\n\t\t\t<\/div><\/figure><figure class='gallery-item'>\n\t\t\t<div class='gallery-icon landscape'>\n\t\t\t\t<a href='https:\/\/www.chill-in.cz\/wp-content\/uploads\/2019\/07\/biriyani_masala_01.jpg'><img loading=\"lazy\" decoding=\"async\" width=\"300\" height=\"200\" src=\"https:\/\/www.chill-in.cz\/wp-content\/uploads\/2019\/07\/biriyani_masala_01-300x200.jpg\" class=\"attachment-medium size-medium\" alt=\"\" srcset=\"https:\/\/www.chill-in.cz\/wp-content\/uploads\/2019\/07\/biriyani_masala_01-300x200.jpg 300w, https:\/\/www.chill-in.cz\/wp-content\/uploads\/2019\/07\/biriyani_masala_01-768x512.jpg 768w, https:\/\/www.chill-in.cz\/wp-content\/uploads\/2019\/07\/biriyani_masala_01-1024x683.jpg 1024w\" sizes=\"auto, (max-width: 300px) 100vw, 300px\" \/><\/a>\n\t\t\t<\/div><\/figure><figure class='gallery-item'>\n\t\t\t<div class='gallery-icon landscape'>\n\t\t\t\t<a href='https:\/\/www.chill-in.cz\/wp-content\/uploads\/2019\/07\/biriyani_masala_02.jpg'><img loading=\"lazy\" decoding=\"async\" width=\"300\" height=\"200\" src=\"https:\/\/www.chill-in.cz\/wp-content\/uploads\/2019\/07\/biriyani_masala_02-300x200.jpg\" class=\"attachment-medium size-medium\" alt=\"\" srcset=\"https:\/\/www.chill-in.cz\/wp-content\/uploads\/2019\/07\/biriyani_masala_02-300x200.jpg 300w, https:\/\/www.chill-in.cz\/wp-content\/uploads\/2019\/07\/biriyani_masala_02-768x512.jpg 768w, https:\/\/www.chill-in.cz\/wp-content\/uploads\/2019\/07\/biriyani_masala_02-1024x683.jpg 1024w\" sizes=\"auto, (max-width: 300px) 100vw, 300px\" \/><\/a>\n\t\t\t<\/div><\/figure><figure class='gallery-item'>\n\t\t\t<div class='gallery-icon landscape'>\n\t\t\t\t<a href='https:\/\/www.chill-in.cz\/wp-content\/uploads\/2019\/07\/biriyani_masala_08.jpg'><img loading=\"lazy\" decoding=\"async\" width=\"300\" height=\"200\" src=\"https:\/\/www.chill-in.cz\/wp-content\/uploads\/2019\/07\/biriyani_masala_08-300x200.jpg\" class=\"attachment-medium size-medium\" alt=\"\" srcset=\"https:\/\/www.chill-in.cz\/wp-content\/uploads\/2019\/07\/biriyani_masala_08-300x200.jpg 300w, https:\/\/www.chill-in.cz\/wp-content\/uploads\/2019\/07\/biriyani_masala_08-768x512.jpg 768w, https:\/\/www.chill-in.cz\/wp-content\/uploads\/2019\/07\/biriyani_masala_08-1024x683.jpg 1024w\" sizes=\"auto, (max-width: 300px) 100vw, 300px\" \/><\/a>\n\t\t\t<\/div><\/figure><figure class='gallery-item'>\n\t\t\t<div class='gallery-icon landscape'>\n\t\t\t\t<a href='https:\/\/www.chill-in.cz\/wp-content\/uploads\/2019\/07\/biriyani_masala_07.jpg'><img loading=\"lazy\" decoding=\"async\" width=\"300\" height=\"200\" src=\"https:\/\/www.chill-in.cz\/wp-content\/uploads\/2019\/07\/biriyani_masala_07-300x200.jpg\" class=\"attachment-medium size-medium\" alt=\"\" srcset=\"https:\/\/www.chill-in.cz\/wp-content\/uploads\/2019\/07\/biriyani_masala_07-300x200.jpg 300w, https:\/\/www.chill-in.cz\/wp-content\/uploads\/2019\/07\/biriyani_masala_07-768x512.jpg 768w, https:\/\/www.chill-in.cz\/wp-content\/uploads\/2019\/07\/biriyani_masala_07-1024x683.jpg 1024w\" sizes=\"auto, (max-width: 300px) 100vw, 300px\" \/><\/a>\n\t\t\t<\/div><\/figure><figure class='gallery-item'>\n\t\t\t<div class='gallery-icon landscape'>\n\t\t\t\t<a href='https:\/\/www.chill-in.cz\/wp-content\/uploads\/2019\/07\/biriyani_masala_06.jpg'><img loading=\"lazy\" decoding=\"async\" width=\"300\" height=\"200\" src=\"https:\/\/www.chill-in.cz\/wp-content\/uploads\/2019\/07\/biriyani_masala_06-300x200.jpg\" class=\"attachment-medium size-medium\" alt=\"\" srcset=\"https:\/\/www.chill-in.cz\/wp-content\/uploads\/2019\/07\/biriyani_masala_06-300x200.jpg 300w, https:\/\/www.chill-in.cz\/wp-content\/uploads\/2019\/07\/biriyani_masala_06-768x512.jpg 768w, https:\/\/www.chill-in.cz\/wp-content\/uploads\/2019\/07\/biriyani_masala_06-1024x683.jpg 1024w\" sizes=\"auto, (max-width: 300px) 100vw, 300px\" \/><\/a>\n\t\t\t<\/div><\/figure><figure class='gallery-item'>\n\t\t\t<div class='gallery-icon landscape'>\n\t\t\t\t<a href='https:\/\/www.chill-in.cz\/wp-content\/uploads\/2019\/07\/biriyani_masala_05.jpg'><img loading=\"lazy\" decoding=\"async\" width=\"300\" height=\"200\" src=\"https:\/\/www.chill-in.cz\/wp-content\/uploads\/2019\/07\/biriyani_masala_05-300x200.jpg\" class=\"attachment-medium size-medium\" alt=\"\" srcset=\"https:\/\/www.chill-in.cz\/wp-content\/uploads\/2019\/07\/biriyani_masala_05-300x200.jpg 300w, https:\/\/www.chill-in.cz\/wp-content\/uploads\/2019\/07\/biriyani_masala_05-768x512.jpg 768w, https:\/\/www.chill-in.cz\/wp-content\/uploads\/2019\/07\/biriyani_masala_05-1024x683.jpg 1024w\" sizes=\"auto, (max-width: 300px) 100vw, 300px\" \/><\/a>\n\t\t\t<\/div><\/figure><figure class='gallery-item'>\n\t\t\t<div class='gallery-icon landscape'>\n\t\t\t\t<a href='https:\/\/www.chill-in.cz\/wp-content\/uploads\/2019\/07\/biriyani_masala_04.jpg'><img loading=\"lazy\" decoding=\"async\" width=\"300\" height=\"200\" src=\"https:\/\/www.chill-in.cz\/wp-content\/uploads\/2019\/07\/biriyani_masala_04-300x200.jpg\" class=\"attachment-medium size-medium\" alt=\"\" srcset=\"https:\/\/www.chill-in.cz\/wp-content\/uploads\/2019\/07\/biriyani_masala_04-300x200.jpg 300w, https:\/\/www.chill-in.cz\/wp-content\/uploads\/2019\/07\/biriyani_masala_04-768x512.jpg 768w, https:\/\/www.chill-in.cz\/wp-content\/uploads\/2019\/07\/biriyani_masala_04-1024x683.jpg 1024w\" sizes=\"auto, (max-width: 300px) 100vw, 300px\" \/><\/a>\n\t\t\t<\/div><\/figure>\n\t\t<\/div>\n\n","protected":false},"excerpt":{"rendered":"<p>INDICK\u00c9 RECEPTY &#8212;&gt; BIRIYANI MASALA P\u0159\u00edprava masov\u00e9 sm\u011bsi s ko\u0159en\u00edm. Druhou p\u016flku receptu tvo\u0159\u00ed biriyani rice coby p\u0159\u00edloha. Jedn\u00e1 se o jednodu\u0161\u0161\u00ed variantu p\u0159\u00edpravy biriyani, p\u00e1\u010d Chicken dum biriyani je trochu del\u0161\u00ed poh\u00e1dka. &#8212;&#8212;&#8212; intro &#8212;&#8212;&#8212;- Ta frakce indick\u00e9 kuchyn\u011b, kterou jsem stihl intenzivn\u011b za\u017e\u00edt, m\u00e1 n\u011bkolik ikonick\u00fdch pokrm\u016f. Jeden z t\u011bchto alfapokrm\u016f je chicken tikka masala (nebo mutton). To je v t\u00e9to bran\u017ei celkem dost velk\u00fd zv\u00ed\u0159e. K tikka masale jsem se modlil u\u017e d\u0159\u00edv. Stejn\u011b tak (a mo\u017en\u00e1 i trochu v\u00edc) je dominantn\u00ed a dal\u0161\u00ed chu\u0165ov\u011b besti\u00e1ln\u00ed ikona &#8211; BIRIYANI. To je kurva jm\u00e9no! Tam, kde jsem se [&hellip;]<\/p>\n","protected":false},"author":1,"featured_media":0,"parent":0,"menu_order":0,"comment_status":"closed","ping_status":"closed","template":"","meta":{"_bbp_topic_count":0,"_bbp_reply_count":0,"_bbp_total_topic_count":0,"_bbp_total_reply_count":0,"_bbp_voice_count":0,"_bbp_anonymous_reply_count":0,"_bbp_topic_count_hidden":0,"_bbp_reply_count_hidden":0,"_bbp_forum_subforum_count":0,"_exactmetrics_skip_tracking":false,"_exactmetrics_sitenote_active":false,"_exactmetrics_sitenote_note":"","_exactmetrics_sitenote_category":0,"footnotes":""},"class_list":["post-1094","page","type-page","status-publish","hentry"],"_links":{"self":[{"href":"https:\/\/www.chill-in.cz\/index.php\/wp-json\/wp\/v2\/pages\/1094","targetHints":{"allow":["GET"]}}],"collection":[{"href":"https:\/\/www.chill-in.cz\/index.php\/wp-json\/wp\/v2\/pages"}],"about":[{"href":"https:\/\/www.chill-in.cz\/index.php\/wp-json\/wp\/v2\/types\/page"}],"author":[{"embeddable":true,"href":"https:\/\/www.chill-in.cz\/index.php\/wp-json\/wp\/v2\/users\/1"}],"replies":[{"embeddable":true,"href":"https:\/\/www.chill-in.cz\/index.php\/wp-json\/wp\/v2\/comments?post=1094"}],"version-history":[{"count":34,"href":"https:\/\/www.chill-in.cz\/index.php\/wp-json\/wp\/v2\/pages\/1094\/revisions"}],"predecessor-version":[{"id":2262,"href":"https:\/\/www.chill-in.cz\/index.php\/wp-json\/wp\/v2\/pages\/1094\/revisions\/2262"}],"wp:attachment":[{"href":"https:\/\/www.chill-in.cz\/index.php\/wp-json\/wp\/v2\/media?parent=1094"}],"curies":[{"name":"wp","href":"https:\/\/api.w.org\/{rel}","templated":true}]}}