{"id":153,"date":"2018-04-15T14:29:10","date_gmt":"2018-04-15T12:29:10","guid":{"rendered":"http:\/\/www.chill-in.cz\/?page_id=153"},"modified":"2026-04-08T12:42:08","modified_gmt":"2026-04-08T10:42:08","slug":"zdarec","status":"publish","type":"page","link":"https:\/\/www.chill-in.cz\/","title":{"rendered":"Zdarec!"},"content":{"rendered":"<p><strong>Pro\u010d toto \u010dtu?<\/strong> Proto\u017ee vyhled\u00e1v\u00e1m informace o <strong>indick\u00e9 kuchyni<\/strong>, kter\u00e1 je \u00fa\u017easn\u00e1, kdy\u017e je autentick\u00e1 a j\u00e1 chci v\u011bd\u011bt, jak p\u0159esn\u011b postupovat, <strong>abych se dopracoval\/a k\u00a0co nejv\u00edce autentick\u00e9mu v\u00fdsledku<\/strong>. Tomu jsou ur\u010deny cel\u00e9 tyto str\u00e1nky a najde\u0161 zde v\u0161echno, co o indick\u00e9 kuchyni pot\u0159ebuje\u0161 v\u011bd\u011bt. A pokud t\u011b zaj\u00edm\u00e1 del\u0161\u00ed \u00favodn\u00ed bl\u00e1bol, klikni na\u00a0<a href=\"http:\/\/www.chill-in.cz\/index.php\/intro\/\"><strong>Intro<\/strong><\/a>.<\/p>\n<p><span style=\"color: #ff0000;\"><strong>WARNING:<\/strong><\/span> Na <strong>www.chill-in.cz<\/strong>\u00a0se bohu\u017eel ob\u010das objev\u00ed\u00a0<strong>vulgarismus\u00a0<\/strong>a\u00a0<strong>oplzl\u00fd humor<\/strong>. Ale m\u016f\u017ee\u0161 b\u00fdt naprosto f klidu. Pokud se v receptu na jak\u00e9kolif \u00fa\u017easn\u00e9 indick\u00e9 j\u00eddlo objev\u00ed &#8222;hovno&#8220;, tak ur\u010dit\u011b nebude v ingredienc\u00edch! Nav\u00edc &#8230; jeden chytrej p\u00e1n pov\u00eddal, \u017ee se sprostejma slovama by se m\u011blo zach\u00e1zet jako s ko\u0159en\u00edm. Bez n\u011bho to nejde a v tomto psan\u00ed hlavn\u011b o indick\u00e9 kuchyni u\u017e v\u016fbec ne!<\/p>\n<p>Tady ten blog je i na facebooku:<\/p>\n<p><a href=\"https:\/\/www.facebook.com\/Chill-incz-433960454065898\/\"><img loading=\"lazy\" decoding=\"async\" class=\"size-full wp-image-1680 alignnone\" src=\"http:\/\/www.chill-in.cz\/wp-content\/uploads\/2020\/01\/face.jpg\" alt=\"\" width=\"40\" height=\"47\" \/><\/a><\/p>\n<p><strong>Novinky:<\/strong><\/p>\n<ul>\n<li><strong>2026-02-xx<\/strong> &#8230;.. Postup na v\u00fdrobu legend\u00e1rn\u00ed a nenahraditeln\u00e9 placky <a href=\"https:\/\/www.chill-in.cz\/index.php\/parotta\/\"><strong>Paratha<\/strong><\/a>.<\/li>\n<li><strong>2025-09-20<\/strong> &#8230;.. <strong><a href=\"https:\/\/www.chill-in.cz\/index.php\/egg-roast\/\">Egg Roast<\/a><\/strong>. Z\u00e1sadn\u00ed sn\u00edda\u0148ov\u00e1 z\u00e1le\u017eitost v Kerale.<\/li>\n<li><strong>2025-03-xx<\/strong> &#8230;.. <strong><a href=\"https:\/\/www.chill-in.cz\/index.php\/pakoda\/\">Pakoda<\/a><\/strong>. Sma\u017een\u00fd cibulov\u00fd chuchvalce.<\/li>\n<li><strong>2024-09-28<\/strong> &#8230;.. <strong><a href=\"https:\/\/www.chill-in.cz\/index.php\/mutton-biriyani\/\">Kerala Mutton Biriyani<\/a><\/strong> odlad\u011bno a p\u0159ipraveno<\/li>\n<li><strong>2024-07-05 <\/strong>&#8230;.. Z\u00e1sadn\u00ed update <a href=\"https:\/\/www.chill-in.cz\/index.php\/biriyani-ryze-2024\/\"><strong>Biriyani r\u00fd\u017ee<\/strong><\/a>!<\/li>\n<li><strong>2023-11-29<\/strong> &#8230;.. Je\u0161t\u011b jsem nezdechl. P\u0159id\u00e1n report <strong><a href=\"https:\/\/www.chill-in.cz\/index.php\/dubai-trip-2023\/?customize_changeset_uuid=26319c15-32d5-402c-9499-241b8ec22d23&amp;customize_autosaved=on&amp;customize_messenger_channel=preview-0\" data-rich-text-format-boundary=\"true\">Dubai trip 2023<\/a><\/strong>!<\/li>\n<li><strong>2020-12-22<\/strong> &#8230;.. <a href=\"https:\/\/www.chill-in.cz\/index.php\/chicken-dum-biriyani\/\"><strong>Chicken Dum Biriyani<\/strong><\/a>. To chce\u0161!<\/li>\n<li><strong>2020-08-04<\/strong> &#8230;.. <strong><a href=\"https:\/\/www.chill-in.cz\/index.php\/tikka-masala-jednoduse\/\">Mutton Tikka Masala<\/a><\/strong>.<\/li>\n<li><strong>2020-01-21<\/strong> &#8230;.. <a href=\"http:\/\/www.chill-in.cz\/index.php\/dal-fry\/\"><strong>Dal Fry<\/strong><\/a> je venku. A jeliko\u017e je to z \u010do\u010dky, tak ur\u010dit\u011b nen\u00ed to posledn\u00ed, co je venku.<\/li>\n<li><strong>2019-10-03\u00a0<span style=\"display: inline !important; float: none; background-color: #ffffff; color: #333333; cursor: text; font-family: 'Open Sans',sans-serif; font-size: 14px; font-style: normal; font-variant: normal; font-weight: 400; letter-spacing: normal; orphans: 2; text-align: left; text-decoration: none; text-indent: 0px; text-transform: none; -webkit-text-stroke-width: 0px; white-space: normal; word-spacing: 0px;\">&#8230;.. Odlad\u011bl\u00fd recept na <a href=\"http:\/\/www.chill-in.cz\/index.php\/vegetable-curry\/\"><strong>Vegetable curry<\/strong><\/a> je ode dne\u0161ka k dispozici.<\/span><\/strong><\/li>\n<li><strong>2019-07-28\u00a0<\/strong>&#8230;.. <a href=\"http:\/\/www.chill-in.cz\/index.php\/paratha\/\"><strong>Placky forever<\/strong><\/a>! Dopln\u011bn postup pro p\u0159\u00edpravu dal\u0161\u00ed esenci\u00e1ln\u00ed p\u0159\u00edlohy k indick\u00fdm j\u00eddl\u016fm.<\/li>\n<li><strong>2019-07-08<\/strong> &#8230;.. Za\u010dal existovat n\u00e1zorn\u00fd popis v\u00fdroby z\u00e1kladn\u00edch esenc\u00ed pro indick\u00e9 va\u0159en\u00ed: p\u0159epou\u0161t\u011bn\u00e9 m\u00e1slo\u00a0<a href=\"http:\/\/www.chill-in.cz\/index.php\/ghee\/\"><strong>GHEE<\/strong> <\/a>a \u010desneko-z\u00e1zvorov\u00e1 pasta (<a href=\"http:\/\/www.chill-in.cz\/index.php\/zazvorovo-cesnekova-pasta\/\"><strong>GG<\/strong><\/a>).<\/li>\n<li><strong>2018-05-12<\/strong> \u2026.. Recept na nejv\u00edc profl\u00e1kl\u00fd indick\u00fd j\u00eddlo ever &#8211; <a href=\"https:\/\/www.chill-in.cz\/index.php\/chicken-tikka-masala-2\/\"><strong>Chicken Tikka Masala<\/strong><\/a>.<\/li>\n<li><strong>2018-05-10<\/strong> &#8230;.. A bacha! Je tady prvn\u00ed indick\u00fd j\u00eddlo a zrovna vegetari\u00e1nsk\u00fd. To je pech!\u00a0<a href=\"http:\/\/www.chill-in.cz\/index.php\/paneer-butter-masala\/\"><strong>Paneer Butter Masala<\/strong><\/a>.<\/li>\n<li><strong>2018-04-21<\/strong> &#8230;.. Je super, \u017ee str\u00e1nky jsou ready pro p\u0159id\u00e1v\u00e1n\u00ed indick\u00fdch recept\u016f! Bohu\u017eel ale prvn\u00ed recept je\u00a0<a href=\"http:\/\/www.chill-in.cz\/index.php\/cina-s-nudlama\/\"><strong>Stir-fty noodles <\/strong>alias <strong>\u010c\u00edna s nudlama<\/strong><\/a>.<\/li>\n<li><strong>2018-04-18<\/strong>\u00a0&#8230;.. P\u0159id\u00e1ny <a href=\"http:\/\/www.chill-in.cz\/index.php\/ingredience\/\"><b>Ingredience<\/b><\/a>. Pr\u016fm\u011brn\u00e1 indick\u00e1 babi\u010dka by je m\u011bla m\u00edt.<\/li>\n<li><strong>2018-04-11<\/strong>\u00a0&#8230;.. Spu\u0161t\u011bn web. Za\u010dni kliknut\u00edm na <a href=\"http:\/\/www.chill-in.cz\/index.php\/intro\/\"><strong>Intro<\/strong><\/a>.<\/li>\n<\/ul>\n<p><img loading=\"lazy\" decoding=\"async\" class=\"size-large wp-image-1437 alignnone\" src=\"http:\/\/www.chill-in.cz\/wp-content\/uploads\/2019\/07\/mutton_tikka_masala_25-1024x683.jpg\" alt=\"\" width=\"730\" height=\"487\" srcset=\"https:\/\/www.chill-in.cz\/wp-content\/uploads\/2019\/07\/mutton_tikka_masala_25-1024x683.jpg 1024w, https:\/\/www.chill-in.cz\/wp-content\/uploads\/2019\/07\/mutton_tikka_masala_25-300x200.jpg 300w, https:\/\/www.chill-in.cz\/wp-content\/uploads\/2019\/07\/mutton_tikka_masala_25-768x512.jpg 768w\" sizes=\"auto, (max-width: 730px) 100vw, 730px\" \/><\/p>\n","protected":false},"excerpt":{"rendered":"<p>Pro\u010d toto \u010dtu? Proto\u017ee vyhled\u00e1v\u00e1m informace o indick\u00e9 kuchyni, kter\u00e1 je \u00fa\u017easn\u00e1, kdy\u017e je autentick\u00e1 a j\u00e1 chci v\u011bd\u011bt, jak p\u0159esn\u011b postupovat, abych se dopracoval\/a k\u00a0co nejv\u00edce autentick\u00e9mu v\u00fdsledku. Tomu jsou ur\u010deny cel\u00e9 tyto str\u00e1nky a najde\u0161 zde v\u0161echno, co o indick\u00e9 kuchyni pot\u0159ebuje\u0161 v\u011bd\u011bt. A pokud t\u011b zaj\u00edm\u00e1 del\u0161\u00ed \u00favodn\u00ed bl\u00e1bol, klikni na\u00a0Intro. WARNING: Na www.chill-in.cz\u00a0se bohu\u017eel ob\u010das objev\u00ed\u00a0vulgarismus\u00a0a\u00a0oplzl\u00fd humor. Ale m\u016f\u017ee\u0161 b\u00fdt naprosto f klidu. Pokud se v receptu na jak\u00e9kolif \u00fa\u017easn\u00e9 indick\u00e9 j\u00eddlo objev\u00ed &#8222;hovno&#8220;, tak ur\u010dit\u011b nebude v ingredienc\u00edch! Nav\u00edc &#8230; jeden chytrej p\u00e1n pov\u00eddal, \u017ee se sprostejma slovama by se m\u011blo zach\u00e1zet jako s ko\u0159en\u00edm. [&hellip;]<\/p>\n","protected":false},"author":1,"featured_media":0,"parent":0,"menu_order":0,"comment_status":"closed","ping_status":"closed","template":"","meta":{"_bbp_topic_count":0,"_bbp_reply_count":0,"_bbp_total_topic_count":0,"_bbp_total_reply_count":0,"_bbp_voice_count":0,"_bbp_anonymous_reply_count":0,"_bbp_topic_count_hidden":0,"_bbp_reply_count_hidden":0,"_bbp_forum_subforum_count":0,"_exactmetrics_skip_tracking":false,"_exactmetrics_sitenote_active":false,"_exactmetrics_sitenote_note":"","_exactmetrics_sitenote_category":0,"footnotes":""},"class_list":["post-153","page","type-page","status-publish","hentry"],"_links":{"self":[{"href":"https:\/\/www.chill-in.cz\/index.php\/wp-json\/wp\/v2\/pages\/153","targetHints":{"allow":["GET"]}}],"collection":[{"href":"https:\/\/www.chill-in.cz\/index.php\/wp-json\/wp\/v2\/pages"}],"about":[{"href":"https:\/\/www.chill-in.cz\/index.php\/wp-json\/wp\/v2\/types\/page"}],"author":[{"embeddable":true,"href":"https:\/\/www.chill-in.cz\/index.php\/wp-json\/wp\/v2\/users\/1"}],"replies":[{"embeddable":true,"href":"https:\/\/www.chill-in.cz\/index.php\/wp-json\/wp\/v2\/comments?post=153"}],"version-history":[{"count":81,"href":"https:\/\/www.chill-in.cz\/index.php\/wp-json\/wp\/v2\/pages\/153\/revisions"}],"predecessor-version":[{"id":2453,"href":"https:\/\/www.chill-in.cz\/index.php\/wp-json\/wp\/v2\/pages\/153\/revisions\/2453"}],"wp:attachment":[{"href":"https:\/\/www.chill-in.cz\/index.php\/wp-json\/wp\/v2\/media?parent=153"}],"curies":[{"name":"wp","href":"https:\/\/api.w.org\/{rel}","templated":true}]}}