{"id":2075,"date":"2023-11-09T11:10:50","date_gmt":"2023-11-09T10:10:50","guid":{"rendered":"http:\/\/www.chill-in.cz\/?page_id=2075"},"modified":"2026-04-08T11:03:29","modified_gmt":"2026-04-08T09:03:29","slug":"chicken-tikka-masala-2","status":"publish","type":"page","link":"https:\/\/www.chill-in.cz\/index.php\/chicken-tikka-masala-2\/","title":{"rendered":"Chicken tikka masala"},"content":{"rendered":"\n<p>INDICK\u00c9 RECEPTY -&gt; CHICKEN TIKKA MASALA<\/p>\n\n\n\n<p>Ku\u0159ec\u00ed kousky v pikantn\u00ed kr\u00e9mov\u011b hust\u00e9 oran\u017eov\u00e9 cibulovo-raj\u010datov\u00e9 om\u00e1\u010dce. Tento recept pracuje s marinov\u00e1n\u00edm ku\u0159ec\u00edho masa. <\/p>\n\n\n\n<p><strong>\u010casov\u00e1 n\u00e1ro\u010dnost:<\/strong>&nbsp;T\u0159i hodiny plus dva dny<\/p>\n\n\n\n<p><strong>Po\u010det porc\u00ed:<\/strong>&nbsp;8 a\u017e 10<\/p>\n\n\n\n<figure class=\"wp-block-image size-large\"><img loading=\"lazy\" decoding=\"async\" width=\"1024\" height=\"756\" src=\"https:\/\/www.chill-in.cz\/wp-content\/uploads\/2026\/04\/obrazek-5-1024x756.png\" alt=\"\" class=\"wp-image-2439\" srcset=\"https:\/\/www.chill-in.cz\/wp-content\/uploads\/2026\/04\/obrazek-5-1024x756.png 1024w, https:\/\/www.chill-in.cz\/wp-content\/uploads\/2026\/04\/obrazek-5-300x222.png 300w, https:\/\/www.chill-in.cz\/wp-content\/uploads\/2026\/04\/obrazek-5-768x567.png 768w, https:\/\/www.chill-in.cz\/wp-content\/uploads\/2026\/04\/obrazek-5.png 1392w\" sizes=\"auto, (max-width: 1024px) 100vw, 1024px\" \/><\/figure>\n\n\n\n<p class=\"has-text-align-center\">\u2014\u2014\u2014- <strong>intro<\/strong>&nbsp;\u2014\u2014\u2014-<\/p>\n\n\n\n<p>Z hlediska n\u00e1ro\u010dnosti p\u0159\u00edpravy je tato varianta nejrychlej\u0161\u00ed. <\/p>\n\n\n\n<p class=\"has-text-align-center\">\u2014\u2014\u2014- <strong>kostra receptu<\/strong> \u2014\u2014\u2014-<\/p>\n\n\n\n<p><span class=\"has-inline-color has-very-dark-gray-color\"><strong>P\u0158EDEHRA<\/strong> \u2013 den 0: Vyrob\u00ed\u0161 si sm\u011bs ko\u0159en\u00ed TIKKA MASALA POWDER, d\u00e1\u0161 MARINOVAT maso a nachyst\u00e1\u0161 si zbytek ingredienc\u00ed, kter\u00fd na toto j\u00eddlo pot\u0159ebuje\u0161.<br><strong>AKCE \u2013<\/strong><\/span> <span class=\"has-inline-color has-very-dark-gray-color\">den 1: Uva\u0159\u00ed\u0161 to.<\/span><\/p>\n\n\n\n<p class=\"has-text-align-center\">\u2014\u2014\u2014- <strong>seznamy ingredienc\u00ed <\/strong>\u2014\u2014\u2014-<\/p>\n\n\n\n<p><strong>P\u0158EDEHRA<\/strong> &#8211; den 0<\/p>\n\n\n\n<p>TIKKA MASALA POWDER (cca 75g) <\/p>\n\n\n\n<p>toto ko\u0159en\u00ed m\u00e1\u0161 pravd\u011bpodobn\u011b mlet\u00fd:<\/p>\n\n\n\n<ul class=\"wp-block-list\">\n<li><span class=\"has-inline-color has-very-dark-gray-color\">1 tsp \u2013 sko\u0159ice<\/span> ml\u00e9t\u00e1<\/li>\n\n\n\n<li>3 a\u017e 5 tsp \u2013 kashmiri chilli<\/li>\n\n\n\n<li>2 tsp \u2013 kurkuma<\/li>\n\n\n\n<li>2 tsp \u2013 sweet paprika<\/li>\n\n\n\n<li>2 tsp \u2013 dry mango powder<\/li>\n\n\n\n<li>1 tsp \u2013 fenugreek cel\u00fd (jestli m\u00e1\u0161)<\/li>\n<\/ul>\n\n\n\n<p>toto ko\u0159en\u00ed m\u00e1\u0161 pravd\u011bpodobn\u011b jako cel\u00fd ko\u0159en\u00ed \u2013 f\u0161echno z n\u00e1sleduj\u00edc\u00edho seznamu ko\u0159en\u00ed uv\u00e9st do mlet\u00fdho stavu:<\/p>\n\n\n\n<ul class=\"wp-block-list\">\n<li>1 tbsp &#8211; koriandr cel\u00fd<\/li>\n\n\n\n<li>1 tbsp &#8211; \u0159\u00edmsk\u00fd km\u00edn<\/li>\n\n\n\n<li>1 v\u011bt\u0161\u00ed bady\u00e1n<\/li>\n\n\n\n<li>5 cardamom \u010dern\u00fd<\/li>\n\n\n\n<li>1 tsp \u2013 cardamom zelen\u00fd<\/li>\n\n\n\n<li>1 tsp \u2013 fennel<\/li>\n\n\n\n<li>&lt;1 tsp \u2013 h\u0159eb\u00ed\u010dky<\/li>\n\n\n\n<li>&lt;1 tsp \u2013 pep\u0159 \u010dern\u00fd<\/li>\n<\/ul>\n\n\n\n<p><strong>MARINUJE\u0160<\/strong><\/p>\n\n\n\n<ul class=\"wp-block-list\">\n<li>1000 g ku\u0159ec\u00ed kousky (prso, stehno)<\/li>\n\n\n\n<li>2 tsp \u2013 s\u016fl<\/li>\n\n\n\n<li>1\/3 TIKKA MASALA POWDER<\/li>\n\n\n\n<li>2 tbsp \u2013 b\u00edl\u00fd jogurt<\/li>\n<\/ul>\n\n\n\n<p><strong>AKCE<\/strong> &#8211; den 1<\/p>\n\n\n\n<ul class=\"wp-block-list\">\n<li>4 tbsp \u2013 <a href=\"https:\/\/www.chill-in.cz\/index.php\/ghee\/\">GHEE<\/a><\/li>\n\n\n\n<li>2 tsp \u2013 \u0159\u00edmsk\u00fd km\u00edn<\/li>\n\n\n\n<li>10 ks \u2013 nasekan\u00fd green chilli (nebo jin\u00fd)<\/li>\n\n\n\n<li>1000 g \u2013 nakr\u00e1jen\u00e1 cibule<\/li>\n\n\n\n<li>50 g \u010desneku + 35 g z\u00e1zvoru (najemno) nebo 1.5 tbsp <a href=\"http:\/\/www.chill-in.cz\/index.php\/zazvorovo-cesnekova-pasta\/\"><strong>GG<\/strong><\/a><\/li>\n\n\n\n<li>2 tsp \u2013 s\u016fl<\/li>\n\n\n\n<li>2\/3 TIKKA MASALA POWDER<\/li>\n\n\n\n<li>1000 g \u2013 raj\u010datov\u00e1 passata<\/li>\n\n\n\n<li>200 a\u017e 300 ml \u2013 voda (od vyplachov\u00e1n\u00ed skleni\u010dek od raj\u010datov\u00e9 ka\u0161e)<\/li>\n\n\n\n<li>MIXUJE\u0160<\/li>\n\n\n\n<li>60 g \u2013 jaggery (t\u0159tinov\u00fd cukr) \/ hn\u011bd\u00fd cukr<\/li>\n\n\n\n<li>10 tbsp \u2013 b\u00edl\u00fd jogurt 10% (cca 400 g)<\/li>\n\n\n\n<li>dosolit &amp; dosladit<\/li>\n<\/ul>\n\n\n\n<p class=\"has-text-align-center\">\u2014\u2014\u2014- <strong>postup <\/strong>\u2014\u2014\u2014-<\/p>\n","protected":false},"excerpt":{"rendered":"<p>INDICK\u00c9 RECEPTY -&gt; CHICKEN TIKKA MASALA Ku\u0159ec\u00ed kousky v pikantn\u00ed kr\u00e9mov\u011b hust\u00e9 oran\u017eov\u00e9 cibulovo-raj\u010datov\u00e9 om\u00e1\u010dce. Tento recept pracuje s marinov\u00e1n\u00edm ku\u0159ec\u00edho masa. \u010casov\u00e1 n\u00e1ro\u010dnost:&nbsp;T\u0159i hodiny plus dva dny Po\u010det porc\u00ed:&nbsp;8 a\u017e 10 \u2014\u2014\u2014- intro&nbsp;\u2014\u2014\u2014- Z hlediska n\u00e1ro\u010dnosti p\u0159\u00edpravy je tato varianta nejrychlej\u0161\u00ed. \u2014\u2014\u2014- kostra receptu \u2014\u2014\u2014- P\u0158EDEHRA \u2013 den 0: Vyrob\u00ed\u0161 si sm\u011bs ko\u0159en\u00ed TIKKA MASALA POWDER, d\u00e1\u0161 MARINOVAT maso a nachyst\u00e1\u0161 si zbytek ingredienc\u00ed, kter\u00fd na toto j\u00eddlo pot\u0159ebuje\u0161.AKCE \u2013 den 1: Uva\u0159\u00ed\u0161 to. \u2014\u2014\u2014- seznamy ingredienc\u00ed \u2014\u2014\u2014- P\u0158EDEHRA &#8211; den 0 TIKKA MASALA POWDER (cca 75g) toto ko\u0159en\u00ed m\u00e1\u0161 pravd\u011bpodobn\u011b mlet\u00fd: toto ko\u0159en\u00ed m\u00e1\u0161 pravd\u011bpodobn\u011b jako cel\u00fd ko\u0159en\u00ed [&hellip;]<\/p>\n","protected":false},"author":1,"featured_media":0,"parent":0,"menu_order":0,"comment_status":"closed","ping_status":"closed","template":"","meta":{"_bbp_topic_count":0,"_bbp_reply_count":0,"_bbp_total_topic_count":0,"_bbp_total_reply_count":0,"_bbp_voice_count":0,"_bbp_anonymous_reply_count":0,"_bbp_topic_count_hidden":0,"_bbp_reply_count_hidden":0,"_bbp_forum_subforum_count":0,"_exactmetrics_skip_tracking":false,"_exactmetrics_sitenote_active":false,"_exactmetrics_sitenote_note":"","_exactmetrics_sitenote_category":0,"footnotes":""},"class_list":["post-2075","page","type-page","status-publish","hentry"],"_links":{"self":[{"href":"https:\/\/www.chill-in.cz\/index.php\/wp-json\/wp\/v2\/pages\/2075","targetHints":{"allow":["GET"]}}],"collection":[{"href":"https:\/\/www.chill-in.cz\/index.php\/wp-json\/wp\/v2\/pages"}],"about":[{"href":"https:\/\/www.chill-in.cz\/index.php\/wp-json\/wp\/v2\/types\/page"}],"author":[{"embeddable":true,"href":"https:\/\/www.chill-in.cz\/index.php\/wp-json\/wp\/v2\/users\/1"}],"replies":[{"embeddable":true,"href":"https:\/\/www.chill-in.cz\/index.php\/wp-json\/wp\/v2\/comments?post=2075"}],"version-history":[{"count":13,"href":"https:\/\/www.chill-in.cz\/index.php\/wp-json\/wp\/v2\/pages\/2075\/revisions"}],"predecessor-version":[{"id":2440,"href":"https:\/\/www.chill-in.cz\/index.php\/wp-json\/wp\/v2\/pages\/2075\/revisions\/2440"}],"wp:attachment":[{"href":"https:\/\/www.chill-in.cz\/index.php\/wp-json\/wp\/v2\/media?parent=2075"}],"curies":[{"name":"wp","href":"https:\/\/api.w.org\/{rel}","templated":true}]}}