{"id":2297,"date":"2024-08-02T12:36:51","date_gmt":"2024-08-02T10:36:51","guid":{"rendered":"https:\/\/www.chill-in.cz\/?page_id=2297"},"modified":"2024-08-02T13:09:59","modified_gmt":"2024-08-02T11:09:59","slug":"mutton-methi-malai","status":"publish","type":"page","link":"https:\/\/www.chill-in.cz\/index.php\/mutton-methi-malai\/","title":{"rendered":"Mutton methi malai"},"content":{"rendered":"\n<figure class=\"wp-block-image size-large\"><img loading=\"lazy\" decoding=\"async\" width=\"1024\" height=\"771\" src=\"https:\/\/www.chill-in.cz\/wp-content\/uploads\/2024\/08\/PXL_20240722_132422330-1024x771.jpg\" alt=\"\" class=\"wp-image-2312\" srcset=\"https:\/\/www.chill-in.cz\/wp-content\/uploads\/2024\/08\/PXL_20240722_132422330-1024x771.jpg 1024w, https:\/\/www.chill-in.cz\/wp-content\/uploads\/2024\/08\/PXL_20240722_132422330-300x226.jpg 300w, https:\/\/www.chill-in.cz\/wp-content\/uploads\/2024\/08\/PXL_20240722_132422330-768x578.jpg 768w, https:\/\/www.chill-in.cz\/wp-content\/uploads\/2024\/08\/PXL_20240722_132422330-1536x1157.jpg 1536w, https:\/\/www.chill-in.cz\/wp-content\/uploads\/2024\/08\/PXL_20240722_132422330-2048x1542.jpg 2048w\" sizes=\"auto, (max-width: 1024px) 100vw, 1024px\" \/><\/figure>\n\n\n\n<p>V\u00ddVAR (cca 1 hod)<\/p>\n\n\n\n<ul class=\"wp-block-list\">\n<li>0.85 kg &#8211; skopov\u00fd maso<\/li>\n\n\n\n<li>0.75 l &#8211; voda<\/li>\n\n\n\n<li>1.5 tsp &#8211; s\u016fl<\/li>\n\n\n\n<li>1 tsp &#8211; cardamom zelen\u00fd cel\u00fd<\/li>\n\n\n\n<li>2 tsp &#8211; cumin cel\u00fd<\/li>\n\n\n\n<li>2 tsp &#8211; koriandr cel\u00fd<\/li>\n\n\n\n<li>4 tsp &#8211; fenugreek mlet\u00fd<\/li>\n<\/ul>\n\n\n\n<p>GARAM MASALA (f\u0161ecko mlet\u00fd)<\/p>\n\n\n\n<ul class=\"wp-block-list\">\n<li>1 tsp &#8211; kurkuma<\/li>\n\n\n\n<li>2 tsp &#8211; kashmiri chilli<\/li>\n\n\n\n<li>1 tsp &#8211; sko\u0159ice<\/li>\n\n\n\n<li>3 tsp &#8211; fenugreek<\/li>\n\n\n\n<li>1 tsp &#8211; cardamom zelezn\u00fd<\/li>\n\n\n\n<li>1 tsp &#8211; h\u0159eb\u00ed\u010dek<\/li>\n\n\n\n<li>1 tsp &#8211; pep\u0159<\/li>\n<\/ul>\n\n\n\n<p>AKCE<\/p>\n\n\n\n<ul class=\"wp-block-list\">\n<li>1 cm pl\u00e1tek &#8211; m\u00e1slo<\/li>\n\n\n\n<li>16 ks &#8211; green chilli chopped<\/li>\n\n\n\n<li>500 g &#8211; cibule nakr\u00e1jen\u00e1<\/li>\n\n\n\n<li>1 tsp &#8211; black mustard cel\u00fd [15 minut onanuj]<\/li>\n\n\n\n<li>8 strou\u017ek\u016f &#8211; \u010desnek (30 g)<\/li>\n\n\n\n<li>1 pixla raj\u010dat (400 g) + trocha vody na v\u00fdplach pixle<\/li>\n\n\n\n<li>GARAM MASALA<\/li>\n\n\n\n<li>V\u00ddVAR (maso odd\u011blat bokem)<\/li>\n\n\n\n<li>3 tsp &#8211; s\u016fl<\/li>\n\n\n\n<li>300 g &#8211; ke\u0161u vo\u0159echy [pak MIXUJE\u0160, p\u0159\u00edpadn\u011b p\u0159idej vodu]<\/li>\n\n\n\n<li>20 ks &#8211; \u010derstv\u00fd kari list\u00ed<\/li>\n\n\n\n<li>uva\u0159en\u00fd MASO<\/li>\n\n\n\n<li>60 g &#8211; jaggery<\/li>\n\n\n\n<li>250 g &#8211; tvaroh polotu\u010dn\u00fd<\/li>\n\n\n\n<li>1 kel\u00edmek smetany (31%)<\/li>\n\n\n\n<li>2 tbsp &#8211; kasoori methi<\/li>\n<\/ul>\n\n\n\n<p><\/p>\n","protected":false},"excerpt":{"rendered":"<p>V\u00ddVAR (cca 1 hod) GARAM MASALA (f\u0161ecko mlet\u00fd) AKCE<\/p>\n","protected":false},"author":1,"featured_media":0,"parent":0,"menu_order":0,"comment_status":"closed","ping_status":"closed","template":"","meta":{"_bbp_topic_count":0,"_bbp_reply_count":0,"_bbp_total_topic_count":0,"_bbp_total_reply_count":0,"_bbp_voice_count":0,"_bbp_anonymous_reply_count":0,"_bbp_topic_count_hidden":0,"_bbp_reply_count_hidden":0,"_bbp_forum_subforum_count":0,"_exactmetrics_skip_tracking":false,"_exactmetrics_sitenote_active":false,"_exactmetrics_sitenote_note":"","_exactmetrics_sitenote_category":0,"footnotes":""},"class_list":["post-2297","page","type-page","status-publish","hentry"],"_links":{"self":[{"href":"https:\/\/www.chill-in.cz\/index.php\/wp-json\/wp\/v2\/pages\/2297","targetHints":{"allow":["GET"]}}],"collection":[{"href":"https:\/\/www.chill-in.cz\/index.php\/wp-json\/wp\/v2\/pages"}],"about":[{"href":"https:\/\/www.chill-in.cz\/index.php\/wp-json\/wp\/v2\/types\/page"}],"author":[{"embeddable":true,"href":"https:\/\/www.chill-in.cz\/index.php\/wp-json\/wp\/v2\/users\/1"}],"replies":[{"embeddable":true,"href":"https:\/\/www.chill-in.cz\/index.php\/wp-json\/wp\/v2\/comments?post=2297"}],"version-history":[{"count":3,"href":"https:\/\/www.chill-in.cz\/index.php\/wp-json\/wp\/v2\/pages\/2297\/revisions"}],"predecessor-version":[{"id":2313,"href":"https:\/\/www.chill-in.cz\/index.php\/wp-json\/wp\/v2\/pages\/2297\/revisions\/2313"}],"wp:attachment":[{"href":"https:\/\/www.chill-in.cz\/index.php\/wp-json\/wp\/v2\/media?parent=2297"}],"curies":[{"name":"wp","href":"https:\/\/api.w.org\/{rel}","templated":true}]}}