{"id":2301,"date":"2024-08-02T12:37:39","date_gmt":"2024-08-02T10:37:39","guid":{"rendered":"https:\/\/www.chill-in.cz\/?page_id=2301"},"modified":"2026-04-08T13:10:34","modified_gmt":"2026-04-08T11:10:34","slug":"pakoda","status":"publish","type":"page","link":"https:\/\/www.chill-in.cz\/index.php\/pakoda\/","title":{"rendered":"Pakoda"},"content":{"rendered":"\n<figure class=\"wp-block-image size-large\"><img loading=\"lazy\" decoding=\"async\" width=\"1024\" height=\"705\" src=\"https:\/\/www.chill-in.cz\/wp-content\/uploads\/2026\/04\/obrazek-7-1024x705.png\" alt=\"\" class=\"wp-image-2456\" srcset=\"https:\/\/www.chill-in.cz\/wp-content\/uploads\/2026\/04\/obrazek-7-1024x705.png 1024w, https:\/\/www.chill-in.cz\/wp-content\/uploads\/2026\/04\/obrazek-7-300x206.png 300w, https:\/\/www.chill-in.cz\/wp-content\/uploads\/2026\/04\/obrazek-7-768x529.png 768w, https:\/\/www.chill-in.cz\/wp-content\/uploads\/2026\/04\/obrazek-7.png 1126w\" sizes=\"auto, (max-width: 1024px) 100vw, 1024px\" \/><\/figure>\n\n\n\n<p>Zam\u00edchat do sebe &amp; poma\u010dkat: <\/p>\n\n\n\n<ul class=\"wp-block-list\">\n<li>550 g &#8211; cibule nakr\u00e1jen\u00e1 na m\u011bs\u00ed\u010dky<\/li>\n\n\n\n<li>5 ks &#8211; green chilli<\/li>\n\n\n\n<li>10 list\u016f &#8211; m\u00e1ta<\/li>\n<\/ul>\n\n\n\n<p>Potom p\u0159idat:<\/p>\n\n\n\n<ul class=\"wp-block-list\">\n<li>1\/2 tsp &#8211; kurkuma mlet\u00e1<\/li>\n\n\n\n<li>300 g &#8211; mouka besan (cizrnov\u00e1)<\/li>\n\n\n\n<li>1 tbsp &#8211; mouka r\u00fd\u017eov\u00e1<\/li>\n\n\n\n<li>1 tsp &#8211; aiwain (takovej divnej km\u00edn)<\/li>\n\n\n\n<li>1 tsp &#8211; s\u016fl<\/li>\n\n\n\n<li>1 tsp &#8211; kashmiri chilli pr\u00e1\u0161ek<\/li>\n\n\n\n<li>60 ml &#8211; voda<\/li>\n<\/ul>\n\n\n\n<p>Upl\u00e1cat &#8222;t\u011bsto&#8220; a pak sma\u017eit po d\u00e1fk\u00e1ch f p\u016fl litru oleju. <\/p>\n\n\n\n<figure class=\"wp-block-image size-large\"><img loading=\"lazy\" decoding=\"async\" width=\"1024\" height=\"771\" src=\"https:\/\/www.chill-in.cz\/wp-content\/uploads\/2024\/08\/PXL_20240701_171145878-1024x771.jpg\" alt=\"\" class=\"wp-image-2307\" srcset=\"https:\/\/www.chill-in.cz\/wp-content\/uploads\/2024\/08\/PXL_20240701_171145878-1024x771.jpg 1024w, https:\/\/www.chill-in.cz\/wp-content\/uploads\/2024\/08\/PXL_20240701_171145878-300x226.jpg 300w, https:\/\/www.chill-in.cz\/wp-content\/uploads\/2024\/08\/PXL_20240701_171145878-768x578.jpg 768w, https:\/\/www.chill-in.cz\/wp-content\/uploads\/2024\/08\/PXL_20240701_171145878-1536x1157.jpg 1536w, https:\/\/www.chill-in.cz\/wp-content\/uploads\/2024\/08\/PXL_20240701_171145878-2048x1542.jpg 2048w\" sizes=\"auto, (max-width: 1024px) 100vw, 1024px\" \/><\/figure>\n\n\n\n<p>Fin\u00e1ln\u00ed foto zat\u00edm chyb\u00ed<\/p>\n","protected":false},"excerpt":{"rendered":"<p>Zam\u00edchat do sebe &amp; poma\u010dkat: Potom p\u0159idat: Upl\u00e1cat &#8222;t\u011bsto&#8220; a pak sma\u017eit po d\u00e1fk\u00e1ch f p\u016fl litru oleju. Fin\u00e1ln\u00ed foto zat\u00edm chyb\u00ed<\/p>\n","protected":false},"author":1,"featured_media":0,"parent":0,"menu_order":0,"comment_status":"closed","ping_status":"closed","template":"","meta":{"_bbp_topic_count":0,"_bbp_reply_count":0,"_bbp_total_topic_count":0,"_bbp_total_reply_count":0,"_bbp_voice_count":0,"_bbp_anonymous_reply_count":0,"_bbp_topic_count_hidden":0,"_bbp_reply_count_hidden":0,"_bbp_forum_subforum_count":0,"_exactmetrics_skip_tracking":false,"_exactmetrics_sitenote_active":false,"_exactmetrics_sitenote_note":"","_exactmetrics_sitenote_category":0,"footnotes":""},"class_list":["post-2301","page","type-page","status-publish","hentry"],"_links":{"self":[{"href":"https:\/\/www.chill-in.cz\/index.php\/wp-json\/wp\/v2\/pages\/2301","targetHints":{"allow":["GET"]}}],"collection":[{"href":"https:\/\/www.chill-in.cz\/index.php\/wp-json\/wp\/v2\/pages"}],"about":[{"href":"https:\/\/www.chill-in.cz\/index.php\/wp-json\/wp\/v2\/types\/page"}],"author":[{"embeddable":true,"href":"https:\/\/www.chill-in.cz\/index.php\/wp-json\/wp\/v2\/users\/1"}],"replies":[{"embeddable":true,"href":"https:\/\/www.chill-in.cz\/index.php\/wp-json\/wp\/v2\/comments?post=2301"}],"version-history":[{"count":4,"href":"https:\/\/www.chill-in.cz\/index.php\/wp-json\/wp\/v2\/pages\/2301\/revisions"}],"predecessor-version":[{"id":2457,"href":"https:\/\/www.chill-in.cz\/index.php\/wp-json\/wp\/v2\/pages\/2301\/revisions\/2457"}],"wp:attachment":[{"href":"https:\/\/www.chill-in.cz\/index.php\/wp-json\/wp\/v2\/media?parent=2301"}],"curies":[{"name":"wp","href":"https:\/\/api.w.org\/{rel}","templated":true}]}}