{"id":278,"date":"2018-04-15T20:13:39","date_gmt":"2018-04-15T18:13:39","guid":{"rendered":"http:\/\/www.chill-in.cz\/?page_id=278"},"modified":"2020-01-28T15:37:00","modified_gmt":"2020-01-28T14:37:00","slug":"ghee","status":"publish","type":"page","link":"https:\/\/www.chill-in.cz\/index.php\/ghee\/","title":{"rendered":"Ghee"},"content":{"rendered":"<p>P\u0158\u00cdLOHY &amp; ESENCE -&gt; GHEE<\/p>\n<p>P\u0159epou\u0161t\u011bn\u00e9 m\u00e1slo. Z\u00e1kladn\u00ed tuk do poctiv\u00e9 indick\u00e9 kuchyn\u011b. Ghee nen\u00ed nutno skladovat v\u00a0ledni\u010dce, vydr\u017e\u00ed dlooouho i ve spi\u017e\u00edrn\u011b bez ledni\u010dky. Ghee m\u00e1 v\u00edce druh\u016f aplikace, a to i nad r\u00e1mec indick\u00e9 kuchyn\u011b. Pokud se zam\u011b\u0159\u00edme na indick\u00fd j\u00eddla, tak se hlavn\u011b pou\u017e\u00edv\u00e1 pod cel\u00fd ko\u0159en\u00ed, kdy\u017e zahajuje\u0161 va\u0159en\u00ed (do <strong><a href=\"http:\/\/www.chill-in.cz\/index.php\/procedury\/\">procedury<\/a><\/strong> STARTUJE\u0160). Ale \u010dasto se p\u0159id\u00e1v\u00e1 p\u0159i serv\u00edrov\u00e1n\u00ed (do <a href=\"http:\/\/www.chill-in.cz\/index.php\/procedury\/\"><strong>procedury<\/strong> <\/a>FINI\u0160UJE\u0160). Prost\u011b kousek mrdne\u0161 do masaly, pocint\u00e1\u0161 to b\u00edl\u00fdm jogurtem a m\u016f\u017ee\u0161 fotit do \u017eurn\u00e1lu. Hm\u0148o a pokud to n\u011bkoho zaj\u00edm\u00e1, tak je to prej i zdrav\u00fd! A nen\u00ed to surovina pouze do indick\u00e9 kuchyn\u011b.<\/p>\n<p><img loading=\"lazy\" decoding=\"async\" class=\"alignnone size-large wp-image-1220\" src=\"http:\/\/www.chill-in.cz\/wp-content\/uploads\/2019\/07\/ghee_01-1024x683.jpg\" alt=\"\" width=\"730\" height=\"487\" srcset=\"https:\/\/www.chill-in.cz\/wp-content\/uploads\/2019\/07\/ghee_01-1024x683.jpg 1024w, https:\/\/www.chill-in.cz\/wp-content\/uploads\/2019\/07\/ghee_01-300x200.jpg 300w, https:\/\/www.chill-in.cz\/wp-content\/uploads\/2019\/07\/ghee_01-768x512.jpg 768w\" sizes=\"auto, (max-width: 730px) 100vw, 730px\" \/><\/p>\n<p>Pokud n\u011bkdo hled\u00e1\u00a0fragmenty, kter\u00e9 zmen\u0161\u00ed rozd\u00edl mezi autentick\u00fdm a \u010desk\u00fdm indick\u00fdm pokrmem, tak d\u00e1le m\u016f\u017ee hledat nap\u0159\u00edklad pr\u00e1v\u011b u <strong>ghee<\/strong>. Jeliko\u017e ho doma prost\u011b b\u011b\u017en\u011b nem\u00e1\u0161, tak asi ned\u00e1\u0161 jednu vrchovatou tbsp do z\u00e1kladu j\u00eddla.\u00a0<strong>D\u00e1\u0161 tam m\u00edsto toho norm\u00e1ln\u00ed m\u00e1slo.<\/strong> A i kdybys ho m\u011bl, tak p\u0159i cen\u011b 450 K\u010d za 1000ml je jedna vrchovat\u00e1 tbsp docela drah\u00e1 z\u00e1le\u017eitost. P\u0159i dlouhodob\u00e9m pou\u017e\u00edv\u00e1n\u00ed nen\u00ed v\u016fbec efektivn\u00ed cesta kupovat ghee, proto se poj\u010f pod\u00edvat, jak za cenu \u010dty\u0159ech kostek m\u00e1sla a\u00a0maxim\u00e1ln\u011b jedn\u00e9 hodiny pr\u00e1ce\u00a0ud\u011bl\u00e1\u0161 630\u00a0gram\u016f p\u0159epou\u0161t\u011bn\u00e9ho m\u00e1sla.<\/p>\n<p><strong>Co na to pot\u0159ebuje\u0161?<\/strong><\/p>\n<ul>\n<li>kilo m\u00e1sla<\/li>\n<li>hrnec<\/li>\n<li>zdroj tepla<\/li>\n<li>cedn\u00edk s jemnou s\u00ed\u0165kou<\/li>\n<li>n\u00e1dobu na odpad<\/li>\n<li>hodinu \u010dasu<\/li>\n<\/ul>\n<p>P\u0159i v\u00fdrob\u011b p\u0159epou\u0161t\u011bn\u00e9ho m\u00e1sla se na spor\u00e1ku top\u00ed m\u00e1lo. St\u0159edn\u00ed plamen urychl\u00ed rozpou\u0161t\u011bn\u00ed kila m\u00e1sla. V\u00a0tomto p\u0159\u00edpad\u011b jsem v\u00a0\u010dase 0 minut p\u0159idal v\u0161echny kostky m\u00e1sla trochu pokr\u00e1jen\u00fd.<\/p>\n<p><img loading=\"lazy\" decoding=\"async\" class=\"alignnone size-large wp-image-1224\" src=\"http:\/\/www.chill-in.cz\/wp-content\/uploads\/2019\/07\/ghee_05-1024x683.jpg\" alt=\"\" width=\"730\" height=\"487\" srcset=\"https:\/\/www.chill-in.cz\/wp-content\/uploads\/2019\/07\/ghee_05-1024x683.jpg 1024w, https:\/\/www.chill-in.cz\/wp-content\/uploads\/2019\/07\/ghee_05-300x200.jpg 300w, https:\/\/www.chill-in.cz\/wp-content\/uploads\/2019\/07\/ghee_05-768x512.jpg 768w\" sizes=\"auto, (max-width: 730px) 100vw, 730px\" \/><\/p>\n<p>V\u00a0\u010dase 14 minut posledn\u00ed kusy m\u00e1sla miz\u00ed a v\u0161echno je rozpu\u0161t\u011bno. Nen\u00ed to hork\u00fd, te\u010f tam udr\u017e\u00ed\u0161 prst.\u00a0Pot\u00e9 za\u010dne proces odlu\u010dov\u00e1n\u00ed vznikaj\u00edc\u00ed p\u011bny do ced\u00edtka. <img loading=\"lazy\" decoding=\"async\" class=\"alignnone size-large wp-image-1223\" src=\"http:\/\/www.chill-in.cz\/wp-content\/uploads\/2019\/07\/ghee_04-1024x683.jpg\" alt=\"\" width=\"730\" height=\"487\" srcset=\"https:\/\/www.chill-in.cz\/wp-content\/uploads\/2019\/07\/ghee_04-1024x683.jpg 1024w, https:\/\/www.chill-in.cz\/wp-content\/uploads\/2019\/07\/ghee_04-300x200.jpg 300w, https:\/\/www.chill-in.cz\/wp-content\/uploads\/2019\/07\/ghee_04-768x512.jpg 768w\" sizes=\"auto, (max-width: 730px) 100vw, 730px\" \/><\/p>\n<p>Tento proces skon\u010dil v\u00a0\u010dase 45 minut od za\u010d\u00e1tku, pak u\u017e to bylo furt stejn\u00fd, tak jsem to vypnul.<\/p>\n<p><img loading=\"lazy\" decoding=\"async\" class=\"alignnone size-large wp-image-1221\" src=\"http:\/\/www.chill-in.cz\/wp-content\/uploads\/2019\/07\/ghee_02-1024x683.jpg\" alt=\"\" width=\"730\" height=\"487\" srcset=\"https:\/\/www.chill-in.cz\/wp-content\/uploads\/2019\/07\/ghee_02-1024x683.jpg 1024w, https:\/\/www.chill-in.cz\/wp-content\/uploads\/2019\/07\/ghee_02-300x200.jpg 300w, https:\/\/www.chill-in.cz\/wp-content\/uploads\/2019\/07\/ghee_02-768x512.jpg 768w\" sizes=\"auto, (max-width: 730px) 100vw, 730px\" \/><\/p>\n<p>&nbsp;<\/p>\n<p style=\"text-align: center;\">&#8212;&#8212;&#8212;-\u00a0<strong>fotogalerie\u00a0<\/strong>&#8212;&#8212;&#8212;-<\/p>\n<p>&nbsp;<\/p>\n<div id='gallery-1' class='gallery galleryid-278 gallery-columns-2 gallery-size-medium'><figure class='gallery-item'>\n\t\t\t<div class='gallery-icon landscape'>\n\t\t\t\t<img loading=\"lazy\" decoding=\"async\" width=\"300\" height=\"200\" src=\"https:\/\/www.chill-in.cz\/wp-content\/uploads\/2019\/07\/ghee_06-300x200.jpg\" class=\"attachment-medium size-medium\" alt=\"\" srcset=\"https:\/\/www.chill-in.cz\/wp-content\/uploads\/2019\/07\/ghee_06-300x200.jpg 300w, https:\/\/www.chill-in.cz\/wp-content\/uploads\/2019\/07\/ghee_06-768x512.jpg 768w, https:\/\/www.chill-in.cz\/wp-content\/uploads\/2019\/07\/ghee_06-1024x683.jpg 1024w\" sizes=\"auto, (max-width: 300px) 100vw, 300px\" \/>\n\t\t\t<\/div><\/figure><figure class='gallery-item'>\n\t\t\t<div class='gallery-icon landscape'>\n\t\t\t\t<img loading=\"lazy\" decoding=\"async\" width=\"300\" height=\"200\" src=\"https:\/\/www.chill-in.cz\/wp-content\/uploads\/2019\/07\/ghee_05-300x200.jpg\" class=\"attachment-medium size-medium\" alt=\"\" srcset=\"https:\/\/www.chill-in.cz\/wp-content\/uploads\/2019\/07\/ghee_05-300x200.jpg 300w, https:\/\/www.chill-in.cz\/wp-content\/uploads\/2019\/07\/ghee_05-768x512.jpg 768w, https:\/\/www.chill-in.cz\/wp-content\/uploads\/2019\/07\/ghee_05-1024x683.jpg 1024w\" sizes=\"auto, (max-width: 300px) 100vw, 300px\" \/>\n\t\t\t<\/div><\/figure><figure class='gallery-item'>\n\t\t\t<div class='gallery-icon landscape'>\n\t\t\t\t<img loading=\"lazy\" decoding=\"async\" width=\"300\" height=\"200\" src=\"https:\/\/www.chill-in.cz\/wp-content\/uploads\/2019\/07\/ghee_04-300x200.jpg\" class=\"attachment-medium size-medium\" alt=\"\" srcset=\"https:\/\/www.chill-in.cz\/wp-content\/uploads\/2019\/07\/ghee_04-300x200.jpg 300w, https:\/\/www.chill-in.cz\/wp-content\/uploads\/2019\/07\/ghee_04-768x512.jpg 768w, https:\/\/www.chill-in.cz\/wp-content\/uploads\/2019\/07\/ghee_04-1024x683.jpg 1024w\" sizes=\"auto, (max-width: 300px) 100vw, 300px\" \/>\n\t\t\t<\/div><\/figure><figure class='gallery-item'>\n\t\t\t<div class='gallery-icon landscape'>\n\t\t\t\t<img loading=\"lazy\" decoding=\"async\" width=\"300\" height=\"200\" src=\"https:\/\/www.chill-in.cz\/wp-content\/uploads\/2019\/07\/ghee_03-300x200.jpg\" class=\"attachment-medium size-medium\" alt=\"\" srcset=\"https:\/\/www.chill-in.cz\/wp-content\/uploads\/2019\/07\/ghee_03-300x200.jpg 300w, https:\/\/www.chill-in.cz\/wp-content\/uploads\/2019\/07\/ghee_03-768x512.jpg 768w, https:\/\/www.chill-in.cz\/wp-content\/uploads\/2019\/07\/ghee_03-1024x683.jpg 1024w\" sizes=\"auto, (max-width: 300px) 100vw, 300px\" \/>\n\t\t\t<\/div><\/figure><figure class='gallery-item'>\n\t\t\t<div class='gallery-icon landscape'>\n\t\t\t\t<img loading=\"lazy\" decoding=\"async\" width=\"300\" height=\"200\" src=\"https:\/\/www.chill-in.cz\/wp-content\/uploads\/2019\/07\/ghee_02-300x200.jpg\" class=\"attachment-medium size-medium\" alt=\"\" srcset=\"https:\/\/www.chill-in.cz\/wp-content\/uploads\/2019\/07\/ghee_02-300x200.jpg 300w, https:\/\/www.chill-in.cz\/wp-content\/uploads\/2019\/07\/ghee_02-768x512.jpg 768w, https:\/\/www.chill-in.cz\/wp-content\/uploads\/2019\/07\/ghee_02-1024x683.jpg 1024w\" sizes=\"auto, (max-width: 300px) 100vw, 300px\" \/>\n\t\t\t<\/div><\/figure><figure class='gallery-item'>\n\t\t\t<div class='gallery-icon landscape'>\n\t\t\t\t<img loading=\"lazy\" decoding=\"async\" width=\"300\" height=\"200\" src=\"https:\/\/www.chill-in.cz\/wp-content\/uploads\/2019\/07\/ghee_07-300x200.jpg\" class=\"attachment-medium size-medium\" alt=\"\" srcset=\"https:\/\/www.chill-in.cz\/wp-content\/uploads\/2019\/07\/ghee_07-300x200.jpg 300w, https:\/\/www.chill-in.cz\/wp-content\/uploads\/2019\/07\/ghee_07-768x512.jpg 768w, https:\/\/www.chill-in.cz\/wp-content\/uploads\/2019\/07\/ghee_07-1024x683.jpg 1024w\" sizes=\"auto, (max-width: 300px) 100vw, 300px\" \/>\n\t\t\t<\/div><\/figure><figure class='gallery-item'>\n\t\t\t<div class='gallery-icon landscape'>\n\t\t\t\t<img loading=\"lazy\" decoding=\"async\" width=\"300\" height=\"200\" src=\"https:\/\/www.chill-in.cz\/wp-content\/uploads\/2019\/07\/ghee_01-300x200.jpg\" class=\"attachment-medium size-medium\" alt=\"\" srcset=\"https:\/\/www.chill-in.cz\/wp-content\/uploads\/2019\/07\/ghee_01-300x200.jpg 300w, https:\/\/www.chill-in.cz\/wp-content\/uploads\/2019\/07\/ghee_01-768x512.jpg 768w, https:\/\/www.chill-in.cz\/wp-content\/uploads\/2019\/07\/ghee_01-1024x683.jpg 1024w\" sizes=\"auto, (max-width: 300px) 100vw, 300px\" \/>\n\t\t\t<\/div><\/figure>\n\t\t<\/div>\n\n<p>&nbsp;<\/p>\n","protected":false},"excerpt":{"rendered":"<p>P\u0158\u00cdLOHY &amp; ESENCE -&gt; GHEE P\u0159epou\u0161t\u011bn\u00e9 m\u00e1slo. Z\u00e1kladn\u00ed tuk do poctiv\u00e9 indick\u00e9 kuchyn\u011b. Ghee nen\u00ed nutno skladovat v\u00a0ledni\u010dce, vydr\u017e\u00ed dlooouho i ve spi\u017e\u00edrn\u011b bez ledni\u010dky. Ghee m\u00e1 v\u00edce druh\u016f aplikace, a to i nad r\u00e1mec indick\u00e9 kuchyn\u011b. Pokud se zam\u011b\u0159\u00edme na indick\u00fd j\u00eddla, tak se hlavn\u011b pou\u017e\u00edv\u00e1 pod cel\u00fd ko\u0159en\u00ed, kdy\u017e zahajuje\u0161 va\u0159en\u00ed (do procedury STARTUJE\u0160). Ale \u010dasto se p\u0159id\u00e1v\u00e1 p\u0159i serv\u00edrov\u00e1n\u00ed (do procedury FINI\u0160UJE\u0160). Prost\u011b kousek mrdne\u0161 do masaly, pocint\u00e1\u0161 to b\u00edl\u00fdm jogurtem a m\u016f\u017ee\u0161 fotit do \u017eurn\u00e1lu. Hm\u0148o a pokud to n\u011bkoho zaj\u00edm\u00e1, tak je to prej i zdrav\u00fd! A nen\u00ed to surovina pouze do indick\u00e9 kuchyn\u011b. Pokud [&hellip;]<\/p>\n","protected":false},"author":1,"featured_media":0,"parent":0,"menu_order":0,"comment_status":"closed","ping_status":"closed","template":"","meta":{"_bbp_topic_count":0,"_bbp_reply_count":0,"_bbp_total_topic_count":0,"_bbp_total_reply_count":0,"_bbp_voice_count":0,"_bbp_anonymous_reply_count":0,"_bbp_topic_count_hidden":0,"_bbp_reply_count_hidden":0,"_bbp_forum_subforum_count":0,"_exactmetrics_skip_tracking":false,"_exactmetrics_sitenote_active":false,"_exactmetrics_sitenote_note":"","_exactmetrics_sitenote_category":0,"footnotes":""},"class_list":["post-278","page","type-page","status-publish","hentry"],"_links":{"self":[{"href":"https:\/\/www.chill-in.cz\/index.php\/wp-json\/wp\/v2\/pages\/278","targetHints":{"allow":["GET"]}}],"collection":[{"href":"https:\/\/www.chill-in.cz\/index.php\/wp-json\/wp\/v2\/pages"}],"about":[{"href":"https:\/\/www.chill-in.cz\/index.php\/wp-json\/wp\/v2\/types\/page"}],"author":[{"embeddable":true,"href":"https:\/\/www.chill-in.cz\/index.php\/wp-json\/wp\/v2\/users\/1"}],"replies":[{"embeddable":true,"href":"https:\/\/www.chill-in.cz\/index.php\/wp-json\/wp\/v2\/comments?post=278"}],"version-history":[{"count":9,"href":"https:\/\/www.chill-in.cz\/index.php\/wp-json\/wp\/v2\/pages\/278\/revisions"}],"predecessor-version":[{"id":1677,"href":"https:\/\/www.chill-in.cz\/index.php\/wp-json\/wp\/v2\/pages\/278\/revisions\/1677"}],"wp:attachment":[{"href":"https:\/\/www.chill-in.cz\/index.php\/wp-json\/wp\/v2\/media?parent=278"}],"curies":[{"name":"wp","href":"https:\/\/api.w.org\/{rel}","templated":true}]}}