{"id":279,"date":"2018-04-15T20:13:39","date_gmt":"2018-04-15T18:13:39","guid":{"rendered":"http:\/\/www.chill-in.cz\/?page_id=279"},"modified":"2020-07-17T11:04:16","modified_gmt":"2020-07-17T09:04:16","slug":"zazvorovo-cesnekova-pasta","status":"publish","type":"page","link":"https:\/\/www.chill-in.cz\/index.php\/zazvorovo-cesnekova-pasta\/","title":{"rendered":"\u010cesnekovo-z\u00e1zvorov\u00e1 pasta (GG)"},"content":{"rendered":"<p>P\u0158\u00cdLOHY &amp; ESENCE -&gt; \u010cESNEKOVO-Z\u00c1ZVOROV\u00c1 PASTA<\/p>\n<p>Ginger-garlic paste =\u00a0zkratka &#8222;<strong>GG&#8220;<\/strong>. Z\u00e1klad snad v\u0161ech j\u00eddel z Indie.<\/p>\n<p><span style=\"display: inline !important; float: none; background-color: #ffffff; color: #333333; cursor: text; font-family: 'Open Sans',sans-serif; font-size: 14px; font-style: normal; font-variant: normal; font-weight: 400; letter-spacing: normal; orphans: 2; text-align: left; text-decoration: none; text-indent: 0px; text-transform: none; -webkit-text-stroke-width: 0px; white-space: normal; word-spacing: 0px;\">Kdy\u017e do receptu pot\u0159ebuje\u0161 GG pastu, tak je v\u00edce variant, jak tohoto dos\u00e1hnout. Toto je seznam ru\u010dn\u00edch metod, jak <strong>GG<\/strong> p\u0159ipravit. <\/span><\/p>\n<ol>\n<li><span style=\"display: inline !important; float: none; background-color: #ffffff; color: #333333; cursor: text; font-family: 'Open Sans',sans-serif; font-size: 14px; font-style: normal; font-variant: normal; font-weight: 400; letter-spacing: normal; orphans: 2; text-align: left; text-decoration: none; text-indent: 0px; text-transform: none; -webkit-text-stroke-width: 0px; white-space: normal; word-spacing: 0px;\">M\u016f\u017ee\u0161 drtit \u010desnek a kr\u00e1jet z\u00e1zvor na co nejmen\u0161\u00ed kousky<\/span><\/li>\n<li>N<span style=\"display: inline !important; float: none; background-color: #ffffff; color: #333333; cursor: text; font-family: 'Open Sans',sans-serif; font-size: 14px; font-style: normal; font-variant: normal; font-weight: 400; letter-spacing: normal; orphans: 2; text-align: left; text-decoration: none; text-indent: 0px; text-transform: none; -webkit-text-stroke-width: 0px; white-space: normal; word-spacing: 0px;\">ebo to pomuchluj v\u00a0hmo\u017ed\u00ed\u0159i<\/span><\/li>\n<li><span style=\"display: inline !important; float: none; background-color: #ffffff; color: #333333; cursor: text; font-family: 'Open Sans',sans-serif; font-size: 14px; font-style: normal; font-variant: normal; font-weight: 400; letter-spacing: normal; orphans: 2; text-align: left; text-decoration: none; text-indent: 0px; text-transform: none; -webkit-text-stroke-width: 0px; white-space: normal; word-spacing: 0px;\">Je\u0161t\u011b prej existuje strouh\u00e1tko. <\/span><\/li>\n<li><span style=\"display: inline !important; float: none; background-color: #ffffff; color: #333333; cursor: text; font-family: 'Open Sans',sans-serif; font-size: 14px; font-style: normal; font-variant: normal; font-weight: 400; letter-spacing: normal; orphans: 2; text-align: left; text-decoration: none; text-indent: 0px; text-transform: none; -webkit-text-stroke-width: 0px; white-space: normal; word-spacing: 0px;\">Nebo drt\u00edtko na \u010desnek. Ale bacha! Z\u00e1zvor do drt\u00edtka na \u010desnek ani ned\u00e1vej, akor\u00e1t se nasere\u0161.\u00a0<\/span><\/li>\n<\/ol>\n<p><span style=\"display: inline !important; float: none; background-color: #ffffff; color: #333333; cursor: text; font-family: 'Open Sans',sans-serif; font-size: 14px; font-style: normal; font-variant: normal; font-weight: 400; letter-spacing: normal; orphans: 2; text-align: left; text-decoration: none; text-indent: 0px; text-transform: none; -webkit-text-stroke-width: 0px; white-space: normal; word-spacing: 0px;\">Tyto metody se daj\u00ed pou\u017e\u00edt, pokud va\u0159\u00ed\u0161 indicky n\u00e1razov\u011b, m\u00e1lo, jednou. Pokud m\u00e1\u0161 f pl\u00e1nu va\u0159it indicky \u010dasto nebo ve velk\u00fdm mno\u017estv\u00ed (nebo pokud se chyst\u00e1\u0161 p\u0159ipravovat v\u011bt\u0161\u00ed mno\u017estv\u00ed porc\u00ed <a href=\"https:\/\/www.chill-in.cz\/index.php\/cina-nudle-metodou-stir-fry\/\">stir-fry noodles<\/a>, kde je GG taky pot\u0159eba), n<\/span>en\u00ed nic prakti\u010dt\u011bj\u0161\u00edho, ne\u017e si <strong>GG<\/strong> pastu nachystat p\u0159edem pomoc\u00ed t\u011b\u017ek\u00e9 kuchy\u0148sk\u00e9 techniky (mix\u00e9r). V lednici to vydr\u017e\u00ed v relativn\u011b pou\u017eiteln\u00e9 podob\u011b cca t\u00fdden, mraz\u00e1k to jist\u00ed na m\u011bs\u00edce.<\/p>\n<p><strong>Co na to pot\u0159ebuje\u0161:<\/strong><\/p>\n<ul>\n<li>oloupan\u00fd \u010desnek<\/li>\n<li>oloupan\u00fd z\u00e1zvor<\/li>\n<li>olej<\/li>\n<li>s\u016fl<\/li>\n<\/ul>\n<p><strong>Z\u00e1kladn\u00ed postup:<\/strong><\/p>\n<p><img loading=\"lazy\" decoding=\"async\" class=\"size-medium wp-image-539 alignright\" src=\"http:\/\/www.chill-in.cz\/wp-content\/uploads\/2018\/04\/DSC_0866-300x200.jpg\" alt=\"\" width=\"300\" height=\"200\" srcset=\"https:\/\/www.chill-in.cz\/wp-content\/uploads\/2018\/04\/DSC_0866-300x200.jpg 300w, https:\/\/www.chill-in.cz\/wp-content\/uploads\/2018\/04\/DSC_0866-768x512.jpg 768w, https:\/\/www.chill-in.cz\/wp-content\/uploads\/2018\/04\/DSC_0866-1024x683.jpg 1024w\" sizes=\"auto, (max-width: 300px) 100vw, 300px\" \/>D\u00e1le pot\u0159ebuje\u0161 nervy na loup\u00e1n\u00ed \u010denseku a mix\u00e9r, co nestoj\u00ed za hovno. Indick\u00fd babi\u010dky \u0159\u00edkaj\u00ed, \u017ee hmotnostn\u00ed pom\u011br \u010desneku a z\u00e1zvoru by m\u011bl b\u00fdt 1:1. Pak to dej do mix\u00e9ru a rozmixuj na ka\u0161u. Hned jako to zkus\u00ed\u0161, tak zjist\u00ed\u0161, \u017ee to nejde rozmixovat a \u017ee hmota z\u016fst\u00e1v\u00e1 viset v mix\u00e9ru nad rota\u010dn\u00edmi hroty. Je tedy t\u0159eba tam nal\u00edt n\u011bjak\u00fd m\u00e9dium, kter\u00fd bude vytv\u00e1\u0159et proud odn\u00e1\u0161ej\u00edc\u00ed z\u00e1zvor a \u010desnek sm\u011brem k rota\u010dn\u00edm hrot\u016fm mix\u00e9ru. Toto m\u00e9dium je olej. Indick\u00fd babi\u010dky \u0159\u00edkaj\u00ed, \u017ee 1 tbsp oleje, ale to ur\u010dit\u011b sta\u010dit nebude. P\u0159il\u00edvej olej tak dlouho, dokud mix\u00e9r spolehliv\u011b nefcucne v\u0161echny neposekan\u00fd kousky.<\/p>\n<p>Pozn\u00e1mka: Tady kon\u010d\u00ed blok textu s u\u017eite\u010dnou informac\u00ed, proto\u017ee te\u010f u\u017e v\u0161echno pot\u0159ebn\u00fd k v\u00fdrob\u011b <strong>GG<\/strong> u\u017e v\u00ed\u0161. Od te\u010f d\u00e1l u\u017e jsou jenom zbyte\u010dn\u00fd kecy.<\/p>\n<p><strong>Dal\u0161\u00ed podrobnosti o v\u00fdrob\u011b GG:<\/strong><\/p>\n<p>Pou\u017eil jsem 5 palic \u010desneku, co v\u00e1\u017eily 220 gram\u016f po oloup\u00e1n\u00ed a vy\u0159ez\u00e1n\u00ed defektn\u00edch \u010d\u00e1st\u00ed \u010desnek\u016f. Safrahn\u00e1te, to v\u00e1m byla ale jeba\u010dka! Tfuj! Dvacet minut dlouh\u00e1 stereotypn\u00ed pr\u00e1ce! \u2026 No a k\u00a0tomu jsem p\u0159idal stejn\u00e9 mno\u017estv\u00ed okr\u00e1jen\u00e9ho a nakr\u00e1jen\u00e9ho z\u00e1zvoru.<\/p>\n<p><img loading=\"lazy\" decoding=\"async\" class=\"size-medium wp-image-542 alignleft\" src=\"http:\/\/www.chill-in.cz\/wp-content\/uploads\/2018\/04\/DSC_0867-200x300.jpg\" alt=\"\" width=\"200\" height=\"300\" srcset=\"https:\/\/www.chill-in.cz\/wp-content\/uploads\/2018\/04\/DSC_0867-200x300.jpg 200w, https:\/\/www.chill-in.cz\/wp-content\/uploads\/2018\/04\/DSC_0867-768x1151.jpg 768w, https:\/\/www.chill-in.cz\/wp-content\/uploads\/2018\/04\/DSC_0867-683x1024.jpg 683w\" sizes=\"auto, (max-width: 200px) 100vw, 200px\" \/>Potom to za\u010dne. D\u00e1v\u00e1m prvn\u00ed p\u016flku \u010desnek\u016f a z\u00e1zvor\u016f do mix\u00e9ru, proto\u017ee se mi tam v\u0161echno nevejde. Mix\u00e9r vr\u010d\u00ed napr\u00e1zdno. Hmota, od kter\u00e9 o\u010dek\u00e1v\u00e1m, \u017ee se rozmixuje, vis\u00ed na zdi n\u00e1doby mix\u00e9ru. P\u0159id\u00e1v\u00e1m olej. Mix\u00e9r vr\u010d\u00ed a jednou za p\u011bt sekund sly\u0161\u00edm, \u017ee se do hrot\u016f mix\u00e9ru teda laskav\u011b ur\u00e1\u010dil dovibrovat kousek \u010desneku nebo z\u00e1zvoru. P\u0159id\u00e1v\u00e1m olej. Nepom\u00e1h\u00e1 to. Mix\u00e9ru to jde jak la\u010dn\u00fdmu sran\u00ed. P\u0159id\u00e1v\u00e1m olej. D\u00e1vno jsem p\u0159ekonal indick\u00fdmi babi\u010dkami doporu\u010dovan\u00e9 mno\u017estv\u00ed oleje (1 tbsp). Za\u010d\u00edn\u00e1 smrd\u011bt motor mix\u00e9ru. Za\u010d\u00edn\u00e1 se asi p\u00e1lit. Rad\u0161i to vypnu a nech\u00e1m vychladnout. Sice je ten mix\u00e9r na hovno, ale i p\u0159es to ho nechci odrovnat u\u017e dnes. On to zvl\u00e1dne s\u00e1m jindy. Vrac\u00edm se pozd\u011bji. \u00a0P\u0159id\u00e1v\u00e1m olej. Zap\u00edn\u00e1m mix\u00e9r. Hur\u00e1, je z toho sra\u010dka.<\/p>\n<p><img loading=\"lazy\" decoding=\"async\" class=\"size-medium wp-image-540 alignright\" src=\"http:\/\/www.chill-in.cz\/wp-content\/uploads\/2018\/04\/DSC_0868-200x300.jpg\" alt=\"\" width=\"200\" height=\"300\" srcset=\"https:\/\/www.chill-in.cz\/wp-content\/uploads\/2018\/04\/DSC_0868-200x300.jpg 200w, https:\/\/www.chill-in.cz\/wp-content\/uploads\/2018\/04\/DSC_0868-768x1151.jpg 768w, https:\/\/www.chill-in.cz\/wp-content\/uploads\/2018\/04\/DSC_0868-683x1024.jpg 683w\" sizes=\"auto, (max-width: 200px) 100vw, 200px\" \/>Je z toho kolem p\u016fl kila sm\u011bsi, ze kter\u00e9, jak zp\u011btn\u011b zji\u0161\u0165uju, je 35 \u00f7 40 tsp GG hmoty. Kyd\u00e1m GG po vrchovat\u00fdch \u010dajov\u00fdch l\u017ei\u010dk\u00e1ch na t\u00e1cek s igelitem, kter\u00fd pak cel\u00fd d\u00e1m na p\u00e1r hodin do mraz\u00e1ku. Kydance zmrznou, budou nasyp\u00e1ny do pytl\u00edku a ulo\u017eeny zp\u011bt do mraz\u00e1ku. T\u00edm p\u00e1dem se stanou nad\u00e1vkovan\u00fdmi pro pou\u017eit\u00ed.<\/p>\n","protected":false},"excerpt":{"rendered":"<p>P\u0158\u00cdLOHY &amp; ESENCE -&gt; \u010cESNEKOVO-Z\u00c1ZVOROV\u00c1 PASTA Ginger-garlic paste =\u00a0zkratka &#8222;GG&#8220;. Z\u00e1klad snad v\u0161ech j\u00eddel z Indie. Kdy\u017e do receptu pot\u0159ebuje\u0161 GG pastu, tak je v\u00edce variant, jak tohoto dos\u00e1hnout. Toto je seznam ru\u010dn\u00edch metod, jak GG p\u0159ipravit. M\u016f\u017ee\u0161 drtit \u010desnek a kr\u00e1jet z\u00e1zvor na co nejmen\u0161\u00ed kousky Nebo to pomuchluj v\u00a0hmo\u017ed\u00ed\u0159i Je\u0161t\u011b prej existuje strouh\u00e1tko. Nebo drt\u00edtko na \u010desnek. Ale bacha! Z\u00e1zvor do drt\u00edtka na \u010desnek ani ned\u00e1vej, akor\u00e1t se nasere\u0161.\u00a0 Tyto metody se daj\u00ed pou\u017e\u00edt, pokud va\u0159\u00ed\u0161 indicky n\u00e1razov\u011b, m\u00e1lo, jednou. Pokud m\u00e1\u0161 f pl\u00e1nu va\u0159it indicky \u010dasto nebo ve velk\u00fdm mno\u017estv\u00ed (nebo pokud se chyst\u00e1\u0161 p\u0159ipravovat v\u011bt\u0161\u00ed mno\u017estv\u00ed [&hellip;]<\/p>\n","protected":false},"author":1,"featured_media":0,"parent":0,"menu_order":0,"comment_status":"closed","ping_status":"closed","template":"","meta":{"_bbp_topic_count":0,"_bbp_reply_count":0,"_bbp_total_topic_count":0,"_bbp_total_reply_count":0,"_bbp_voice_count":0,"_bbp_anonymous_reply_count":0,"_bbp_topic_count_hidden":0,"_bbp_reply_count_hidden":0,"_bbp_forum_subforum_count":0,"_exactmetrics_skip_tracking":false,"_exactmetrics_sitenote_active":false,"_exactmetrics_sitenote_note":"","_exactmetrics_sitenote_category":0,"footnotes":""},"class_list":["post-279","page","type-page","status-publish","hentry"],"_links":{"self":[{"href":"https:\/\/www.chill-in.cz\/index.php\/wp-json\/wp\/v2\/pages\/279","targetHints":{"allow":["GET"]}}],"collection":[{"href":"https:\/\/www.chill-in.cz\/index.php\/wp-json\/wp\/v2\/pages"}],"about":[{"href":"https:\/\/www.chill-in.cz\/index.php\/wp-json\/wp\/v2\/types\/page"}],"author":[{"embeddable":true,"href":"https:\/\/www.chill-in.cz\/index.php\/wp-json\/wp\/v2\/users\/1"}],"replies":[{"embeddable":true,"href":"https:\/\/www.chill-in.cz\/index.php\/wp-json\/wp\/v2\/comments?post=279"}],"version-history":[{"count":17,"href":"https:\/\/www.chill-in.cz\/index.php\/wp-json\/wp\/v2\/pages\/279\/revisions"}],"predecessor-version":[{"id":1835,"href":"https:\/\/www.chill-in.cz\/index.php\/wp-json\/wp\/v2\/pages\/279\/revisions\/1835"}],"wp:attachment":[{"href":"https:\/\/www.chill-in.cz\/index.php\/wp-json\/wp\/v2\/media?parent=279"}],"curies":[{"name":"wp","href":"https:\/\/api.w.org\/{rel}","templated":true}]}}