{"id":39,"date":"2018-04-13T18:31:52","date_gmt":"2018-04-13T16:31:52","guid":{"rendered":"http:\/\/www.chill-in.cz\/?page_id=39"},"modified":"2020-01-21T17:30:11","modified_gmt":"2020-01-21T16:30:11","slug":"indicke-recepty","status":"publish","type":"page","link":"https:\/\/www.chill-in.cz\/index.php\/indicke-recepty\/","title":{"rendered":"INDICK\u00c9 RECEPTY"},"content":{"rendered":"<p>K dne\u0161n\u00edmu dni se mi poda\u0159ilo otestovat a poladit t\u0159i recepty, za kter\u00fd bych ruku do hovna str\u010dil.<\/p>\n<ul>\n<li><strong><a href=\"http:\/\/www.chill-in.cz\/index.php\/chicken-tikka-masala\/\">Mutton Tikka Masala<\/a><\/strong><\/li>\n<\/ul>\n<p><img loading=\"lazy\" decoding=\"async\" class=\"size-medium wp-image-1434 alignnone\" src=\"http:\/\/www.chill-in.cz\/wp-content\/uploads\/2019\/07\/mutton_tikka_masala_22-300x200.jpg\" alt=\"\" width=\"300\" height=\"200\" srcset=\"https:\/\/www.chill-in.cz\/wp-content\/uploads\/2019\/07\/mutton_tikka_masala_22-300x200.jpg 300w, https:\/\/www.chill-in.cz\/wp-content\/uploads\/2019\/07\/mutton_tikka_masala_22-768x512.jpg 768w, https:\/\/www.chill-in.cz\/wp-content\/uploads\/2019\/07\/mutton_tikka_masala_22-1024x683.jpg 1024w\" sizes=\"auto, (max-width: 300px) 100vw, 300px\" \/><\/p>\n<ul>\n<li><a href=\"http:\/\/www.chill-in.cz\/index.php\/biriyani-zjednodusena-metoda\/\"><strong>Biriyani &#8211; zjednodu\u0161en\u00e1 metoda<\/strong><\/a><\/li>\n<\/ul>\n<p><img loading=\"lazy\" decoding=\"async\" class=\"size-medium wp-image-1150 alignnone\" src=\"http:\/\/www.chill-in.cz\/wp-content\/uploads\/2019\/07\/biriyani_masala_04-300x200.jpg\" alt=\"\" width=\"300\" height=\"200\" srcset=\"https:\/\/www.chill-in.cz\/wp-content\/uploads\/2019\/07\/biriyani_masala_04-300x200.jpg 300w, https:\/\/www.chill-in.cz\/wp-content\/uploads\/2019\/07\/biriyani_masala_04-768x512.jpg 768w, https:\/\/www.chill-in.cz\/wp-content\/uploads\/2019\/07\/biriyani_masala_04-1024x683.jpg 1024w\" sizes=\"auto, (max-width: 300px) 100vw, 300px\" \/><\/p>\n<ul>\n<li><a href=\"http:\/\/www.chill-in.cz\/index.php\/paneer-butter-masala\/\"><strong>Paneer Butter Masala<\/strong><\/a><\/li>\n<\/ul>\n<p><img loading=\"lazy\" decoding=\"async\" class=\"size-medium wp-image-1063 alignnone\" src=\"http:\/\/www.chill-in.cz\/wp-content\/uploads\/2019\/06\/PBM_10-300x200.jpg\" alt=\"\" width=\"300\" height=\"200\" srcset=\"https:\/\/www.chill-in.cz\/wp-content\/uploads\/2019\/06\/PBM_10-300x200.jpg 300w, https:\/\/www.chill-in.cz\/wp-content\/uploads\/2019\/06\/PBM_10-768x512.jpg 768w, https:\/\/www.chill-in.cz\/wp-content\/uploads\/2019\/06\/PBM_10-1024x683.jpg 1024w\" sizes=\"auto, (max-width: 300px) 100vw, 300px\" \/><\/p>\n<ul>\n<li><a href=\"http:\/\/www.chill-in.cz\/index.php\/vegetable-curry\/\"><strong>Vegetable curry<\/strong><\/a><\/li>\n<\/ul>\n<p><img loading=\"lazy\" decoding=\"async\" class=\"size-medium wp-image-1561 alignnone\" src=\"http:\/\/www.chill-in.cz\/wp-content\/uploads\/2019\/09\/vegetable_curry_22-300x200.jpg\" alt=\"\" width=\"300\" height=\"200\" srcset=\"https:\/\/www.chill-in.cz\/wp-content\/uploads\/2019\/09\/vegetable_curry_22-300x200.jpg 300w, https:\/\/www.chill-in.cz\/wp-content\/uploads\/2019\/09\/vegetable_curry_22-768x512.jpg 768w, https:\/\/www.chill-in.cz\/wp-content\/uploads\/2019\/09\/vegetable_curry_22-1024x683.jpg 1024w\" sizes=\"auto, (max-width: 300px) 100vw, 300px\" \/><\/p>\n<ul>\n<li><a href=\"http:\/\/www.chill-in.cz\/index.php\/dal-fry\/\"><strong>Dal Fry<\/strong><\/a><\/li>\n<\/ul>\n<p><img loading=\"lazy\" decoding=\"async\" class=\"size-medium wp-image-1643 alignnone\" src=\"http:\/\/www.chill-in.cz\/wp-content\/uploads\/2020\/01\/dal_fry_12-300x200.jpg\" alt=\"\" width=\"300\" height=\"200\" srcset=\"https:\/\/www.chill-in.cz\/wp-content\/uploads\/2020\/01\/dal_fry_12-300x200.jpg 300w, https:\/\/www.chill-in.cz\/wp-content\/uploads\/2020\/01\/dal_fry_12-768x513.jpg 768w, https:\/\/www.chill-in.cz\/wp-content\/uploads\/2020\/01\/dal_fry_12-1024x683.jpg 1024w, https:\/\/www.chill-in.cz\/wp-content\/uploads\/2020\/01\/dal_fry_12.jpg 1500w\" sizes=\"auto, (max-width: 300px) 100vw, 300px\" \/><\/p>\n<p>&nbsp;<\/p>\n","protected":false},"excerpt":{"rendered":"<p>K dne\u0161n\u00edmu dni se mi poda\u0159ilo otestovat a poladit t\u0159i recepty, za kter\u00fd bych ruku do hovna str\u010dil. Mutton Tikka Masala Biriyani &#8211; zjednodu\u0161en\u00e1 metoda Paneer Butter Masala Vegetable curry Dal Fry &nbsp;<\/p>\n","protected":false},"author":1,"featured_media":0,"parent":0,"menu_order":0,"comment_status":"closed","ping_status":"closed","template":"","meta":{"footnotes":""},"class_list":["post-39","page","type-page","status-publish","hentry"],"_links":{"self":[{"href":"https:\/\/www.chill-in.cz\/index.php\/wp-json\/wp\/v2\/pages\/39","targetHints":{"allow":["GET"]}}],"collection":[{"href":"https:\/\/www.chill-in.cz\/index.php\/wp-json\/wp\/v2\/pages"}],"about":[{"href":"https:\/\/www.chill-in.cz\/index.php\/wp-json\/wp\/v2\/types\/page"}],"author":[{"embeddable":true,"href":"https:\/\/www.chill-in.cz\/index.php\/wp-json\/wp\/v2\/users\/1"}],"replies":[{"embeddable":true,"href":"https:\/\/www.chill-in.cz\/index.php\/wp-json\/wp\/v2\/comments?post=39"}],"version-history":[{"count":10,"href":"https:\/\/www.chill-in.cz\/index.php\/wp-json\/wp\/v2\/pages\/39\/revisions"}],"predecessor-version":[{"id":1661,"href":"https:\/\/www.chill-in.cz\/index.php\/wp-json\/wp\/v2\/pages\/39\/revisions\/1661"}],"wp:attachment":[{"href":"https:\/\/www.chill-in.cz\/index.php\/wp-json\/wp\/v2\/media?parent=39"}],"curies":[{"name":"wp","href":"https:\/\/api.w.org\/{rel}","templated":true}]}}