{"id":568,"date":"2018-04-21T12:11:50","date_gmt":"2018-04-21T10:11:50","guid":{"rendered":"http:\/\/www.chill-in.cz\/?page_id=568"},"modified":"2026-04-09T14:52:33","modified_gmt":"2026-04-09T12:52:33","slug":"prilohy","status":"publish","type":"page","link":"https:\/\/www.chill-in.cz\/index.php\/prilohy\/","title":{"rendered":"P\u0158\u00cdLOHY &#038; ESENCE"},"content":{"rendered":"\n<p>P\u0159\u00edlohy tvo\u0159\u00ed skupinu j\u00eddel, kter\u00fd se p\u0159ipravuj\u00ed kupodivu jako p\u0159\u00edloha k hlavn\u00edmu indick\u00fdmu j\u00eddlu.<\/p>\n\n\n\n<ul class=\"wp-block-list\">\n<li><a href=\"http:\/\/www.chill-in.cz\/index.php\/rajta\/\"><strong>RAJTA<\/strong><\/a><\/li>\n\n\n\n<li><a href=\"http:\/\/www.chill-in.cz\/index.php\/ryze\/\"><strong>R\u00dd\u017dA BASMATI<\/strong><\/a><\/li>\n\n\n\n<li><a href=\"https:\/\/www.chill-in.cz\/index.php\/biriyani-ryze-2024\/\"><strong>BIRIYANI R\u00dd\u017dA<\/strong><\/a><\/li>\n\n\n\n<li><a href=\"http:\/\/www.chill-in.cz\/index.php\/paratha\/\"><strong>PLACKY<\/strong><\/a><\/li>\n\n\n\n<li><strong><a href=\"https:\/\/www.chill-in.cz\/index.php\/parotta\/\">PAROTTA<\/a><\/strong><\/li>\n<\/ul>\n\n\n\n<p>Do t\u00e9to skupiny jsou za\u0159azeny i ESENCE. To je skupina surovin pro va\u0159en\u00ed, kter\u00e9 jsou pro indickou kuchyni z\u00e1sadn\u00ed neboli &#8222;esenci\u00e1ln\u00ed&#8220;. Je of\u0161em nutn\u00e9 si je vyrobit nebo jinak zajistit, proto\u017ee nejsou k dost\u00e1n\u00ed na ka\u017ed\u00fdm rohu. Vy\u017eaduj\u00ed trochu \u00fasil\u00ed a \u010dasu na p\u0159\u00edpravu, zpravidla to ale nen\u00ed pracn\u011bj\u0161\u00ed, ne\u017e p\u0159\u00edprava p\u0159\u00edlohy.<\/p>\n\n\n\n<ul class=\"wp-block-list\">\n<li><a href=\"http:\/\/www.chill-in.cz\/index.php\/smazena-cibule\/\"><strong>SMA\u017dEN\u00c1 CIBULA<\/strong><\/a><\/li>\n\n\n\n<li><a href=\"http:\/\/www.chill-in.cz\/index.php\/zazvorovo-cesnekova-pasta\/\"><strong>\u010cESNEKO-Z\u00c1ZVOROV\u00c1 PASTA<\/strong><\/a><\/li>\n\n\n\n<li><a href=\"http:\/\/www.chill-in.cz\/index.php\/ghee\/\"><strong>GHEE<\/strong><\/a><\/li>\n\n\n\n<li><a href=\"http:\/\/www.chill-in.cz\/index.php\/paneer-panyr\/\"><strong>PANEER<\/strong><\/a><\/li>\n<\/ul>\n","protected":false},"excerpt":{"rendered":"<p>P\u0159\u00edlohy tvo\u0159\u00ed skupinu j\u00eddel, kter\u00fd se p\u0159ipravuj\u00ed kupodivu jako p\u0159\u00edloha k hlavn\u00edmu indick\u00fdmu j\u00eddlu. Do t\u00e9to skupiny jsou za\u0159azeny i ESENCE. To je skupina surovin pro va\u0159en\u00ed, kter\u00e9 jsou pro indickou kuchyni z\u00e1sadn\u00ed neboli &#8222;esenci\u00e1ln\u00ed&#8220;. Je of\u0161em nutn\u00e9 si je vyrobit nebo jinak zajistit, proto\u017ee nejsou k dost\u00e1n\u00ed na ka\u017ed\u00fdm rohu. Vy\u017eaduj\u00ed trochu \u00fasil\u00ed a \u010dasu na p\u0159\u00edpravu, zpravidla to ale nen\u00ed pracn\u011bj\u0161\u00ed, ne\u017e p\u0159\u00edprava p\u0159\u00edlohy.<\/p>\n","protected":false},"author":1,"featured_media":0,"parent":0,"menu_order":0,"comment_status":"closed","ping_status":"closed","template":"","meta":{"_bbp_topic_count":0,"_bbp_reply_count":0,"_bbp_total_topic_count":0,"_bbp_total_reply_count":0,"_bbp_voice_count":0,"_bbp_anonymous_reply_count":0,"_bbp_topic_count_hidden":0,"_bbp_reply_count_hidden":0,"_bbp_forum_subforum_count":0,"_exactmetrics_skip_tracking":false,"_exactmetrics_sitenote_active":false,"_exactmetrics_sitenote_note":"","_exactmetrics_sitenote_category":0,"footnotes":""},"class_list":["post-568","page","type-page","status-publish","hentry"],"_links":{"self":[{"href":"https:\/\/www.chill-in.cz\/index.php\/wp-json\/wp\/v2\/pages\/568","targetHints":{"allow":["GET"]}}],"collection":[{"href":"https:\/\/www.chill-in.cz\/index.php\/wp-json\/wp\/v2\/pages"}],"about":[{"href":"https:\/\/www.chill-in.cz\/index.php\/wp-json\/wp\/v2\/types\/page"}],"author":[{"embeddable":true,"href":"https:\/\/www.chill-in.cz\/index.php\/wp-json\/wp\/v2\/users\/1"}],"replies":[{"embeddable":true,"href":"https:\/\/www.chill-in.cz\/index.php\/wp-json\/wp\/v2\/comments?post=568"}],"version-history":[{"count":7,"href":"https:\/\/www.chill-in.cz\/index.php\/wp-json\/wp\/v2\/pages\/568\/revisions"}],"predecessor-version":[{"id":2486,"href":"https:\/\/www.chill-in.cz\/index.php\/wp-json\/wp\/v2\/pages\/568\/revisions\/2486"}],"wp:attachment":[{"href":"https:\/\/www.chill-in.cz\/index.php\/wp-json\/wp\/v2\/media?parent=568"}],"curies":[{"name":"wp","href":"https:\/\/api.w.org\/{rel}","templated":true}]}}