{"id":569,"date":"2018-04-21T12:11:50","date_gmt":"2018-04-21T10:11:50","guid":{"rendered":"http:\/\/www.chill-in.cz\/?page_id=569"},"modified":"2020-01-28T15:28:34","modified_gmt":"2020-01-28T14:28:34","slug":"rajta","status":"publish","type":"page","link":"https:\/\/www.chill-in.cz\/index.php\/rajta\/","title":{"rendered":"Rajta"},"content":{"rendered":"<p><span style=\"display: inline !important; float: none; background-color: #ffffff; color: #333333; cursor: text; font-family: 'Open Sans',sans-serif; font-size: 14px; font-style: normal; font-variant: normal; font-weight: 400; letter-spacing: normal; orphans: 2; text-align: left; text-decoration: none; text-indent: 0px; text-transform: none; -webkit-text-stroke-width: 0px; white-space: normal; word-spacing: 0px;\">P\u0158\u00cdLOHY &amp; ESENCE -&gt; <\/span>RAJTA<\/p>\n<p>Kdy\u017e si chce\u0161 kvalitn\u011b sp\u00e1lit dr\u0161ku a p\u0159im\u011bt svoje temeno, aby zaplakalo, tak ud\u011bl\u00e1\u0161 svoje skvostn\u00e9 indick\u00e9 velmi ostr\u00e9. To potom p\u00e1l\u00ed jak hajzl. To je ten prav\u00fd okam\u017eik, kdy objevit kr\u00e1su rajty! Ka\u017ed\u00fd sousto t\u00e9to v\u011bci na cca deset vte\u0159in &#8222;vypne&#8220; p\u00e1livost j\u00eddla. No a pak to zase za\u010dne p\u00e1lit, tak si zase d\u00e1\u0161 rajtu. Tahle periodicky opakuj\u00edc\u00ed se syntaxe ud\u011bl\u00e1 z indick\u00fdho j\u00eddla dal\u0161\u00ed z\u00e1\u017eitek, kdy je \u010dlov\u011bk r\u00e1d, \u017ee je na sv\u011bt\u011b.<\/p>\n<p>Pod\u00e1v\u00e1 se nejen kv\u016fli tomu, aby se \u010dlov\u011bk mohl uhasit, ale tak\u00e9 kv\u016fli tomu, \u017ee p\u0159in\u00e1\u0161\u00ed chu\u0165ov\u00e9 obohacen\u00ed a zpest\u0159en\u00ed. Pat\u0159\u00ed k <a href=\"http:\/\/www.chill-in.cz\/index.php\/biriyani\/\"><strong>biriyani<\/strong><\/a> a k opravdu p\u00e1liv\u00fdm indick\u00fdm j\u00eddl\u016fm. Existuje spousta variant. T\u011b\u017eko \u0159\u00edct, jestli takhle je nejlep\u0161\u00ed z nich, ka\u017edop\u00e1dn\u011b funguje!<\/p>\n<p><strong>Na cca 6 porc\u00ed pot\u0159ebuje\u0161:<\/strong><\/p>\n<ul>\n<li>500 g &#8211; kvalitn\u00ed b\u00edl\u00fd jogurt<\/li>\n<li>100 ml &#8211; netrvanliv\u00fd \u010derstv\u00fd plnotu\u010dn\u00fd ml\u00edko<\/li>\n<li>1 hrnek &#8211; okurka nakr\u00e1jen\u00e1 na malink\u00fd kous\u00ed\u010dky<\/li>\n<li>cca 1 tbsp &#8211; citronov\u00e1 \u0161\u0165\u00e1va (v z\u00e1vislosti na sladkosti jogurtu)<\/li>\n<li>\u0161petka a\u017e dv\u011b soli<\/li>\n<li>mal\u00e1 hrst koriandru fresh (nemus\u00ed b\u00fdt jen list\u00ed, klidn\u011b i nat\u011b)<\/li>\n<\/ul>\n<p>V\u0161echno to zam\u00edchej a je to hotov\u00fd.<\/p>\n<p><a href=\"http:\/\/www.chill-in.cz\/wp-content\/uploads\/2019\/07\/raita.jpg\"><img loading=\"lazy\" decoding=\"async\" class=\"aligncenter size-large wp-image-1146\" src=\"http:\/\/www.chill-in.cz\/wp-content\/uploads\/2019\/07\/raita-1024x683.jpg\" alt=\"\" width=\"730\" height=\"487\" srcset=\"https:\/\/www.chill-in.cz\/wp-content\/uploads\/2019\/07\/raita-1024x683.jpg 1024w, https:\/\/www.chill-in.cz\/wp-content\/uploads\/2019\/07\/raita-300x200.jpg 300w, https:\/\/www.chill-in.cz\/wp-content\/uploads\/2019\/07\/raita-768x512.jpg 768w\" sizes=\"auto, (max-width: 730px) 100vw, 730px\" \/><\/a><\/p>\n","protected":false},"excerpt":{"rendered":"<p>P\u0158\u00cdLOHY &amp; ESENCE -&gt; RAJTA Kdy\u017e si chce\u0161 kvalitn\u011b sp\u00e1lit dr\u0161ku a p\u0159im\u011bt svoje temeno, aby zaplakalo, tak ud\u011bl\u00e1\u0161 svoje skvostn\u00e9 indick\u00e9 velmi ostr\u00e9. To potom p\u00e1l\u00ed jak hajzl. To je ten prav\u00fd okam\u017eik, kdy objevit kr\u00e1su rajty! Ka\u017ed\u00fd sousto t\u00e9to v\u011bci na cca deset vte\u0159in &#8222;vypne&#8220; p\u00e1livost j\u00eddla. No a pak to zase za\u010dne p\u00e1lit, tak si zase d\u00e1\u0161 rajtu. Tahle periodicky opakuj\u00edc\u00ed se syntaxe ud\u011bl\u00e1 z indick\u00fdho j\u00eddla dal\u0161\u00ed z\u00e1\u017eitek, kdy je \u010dlov\u011bk r\u00e1d, \u017ee je na sv\u011bt\u011b. Pod\u00e1v\u00e1 se nejen kv\u016fli tomu, aby se \u010dlov\u011bk mohl uhasit, ale tak\u00e9 kv\u016fli tomu, \u017ee p\u0159in\u00e1\u0161\u00ed chu\u0165ov\u00e9 obohacen\u00ed a zpest\u0159en\u00ed. [&hellip;]<\/p>\n","protected":false},"author":1,"featured_media":0,"parent":0,"menu_order":0,"comment_status":"closed","ping_status":"closed","template":"","meta":{"_bbp_topic_count":0,"_bbp_reply_count":0,"_bbp_total_topic_count":0,"_bbp_total_reply_count":0,"_bbp_voice_count":0,"_bbp_anonymous_reply_count":0,"_bbp_topic_count_hidden":0,"_bbp_reply_count_hidden":0,"_bbp_forum_subforum_count":0,"_exactmetrics_skip_tracking":false,"_exactmetrics_sitenote_active":false,"_exactmetrics_sitenote_note":"","_exactmetrics_sitenote_category":0,"footnotes":""},"class_list":["post-569","page","type-page","status-publish","hentry"],"_links":{"self":[{"href":"https:\/\/www.chill-in.cz\/index.php\/wp-json\/wp\/v2\/pages\/569","targetHints":{"allow":["GET"]}}],"collection":[{"href":"https:\/\/www.chill-in.cz\/index.php\/wp-json\/wp\/v2\/pages"}],"about":[{"href":"https:\/\/www.chill-in.cz\/index.php\/wp-json\/wp\/v2\/types\/page"}],"author":[{"embeddable":true,"href":"https:\/\/www.chill-in.cz\/index.php\/wp-json\/wp\/v2\/users\/1"}],"replies":[{"embeddable":true,"href":"https:\/\/www.chill-in.cz\/index.php\/wp-json\/wp\/v2\/comments?post=569"}],"version-history":[{"count":8,"href":"https:\/\/www.chill-in.cz\/index.php\/wp-json\/wp\/v2\/pages\/569\/revisions"}],"predecessor-version":[{"id":1211,"href":"https:\/\/www.chill-in.cz\/index.php\/wp-json\/wp\/v2\/pages\/569\/revisions\/1211"}],"wp:attachment":[{"href":"https:\/\/www.chill-in.cz\/index.php\/wp-json\/wp\/v2\/media?parent=569"}],"curies":[{"name":"wp","href":"https:\/\/api.w.org\/{rel}","templated":true}]}}