{"id":871,"date":"2018-05-09T17:49:32","date_gmt":"2018-05-09T15:49:32","guid":{"rendered":"http:\/\/www.chill-in.cz\/?page_id=871"},"modified":"2023-11-27T13:31:12","modified_gmt":"2023-11-27T12:31:12","slug":"paneer-butter-masala","status":"publish","type":"page","link":"https:\/\/www.chill-in.cz\/index.php\/paneer-butter-masala\/","title":{"rendered":"Paneer Butter Masala"},"content":{"rendered":"<p>RECEPTY INDIE -&gt; PANEER BUTTER MASALA<\/p>\n<p><img loading=\"lazy\" decoding=\"async\" class=\"size-large wp-image-1063 alignnone\" src=\"http:\/\/www.chill-in.cz\/wp-content\/uploads\/2019\/06\/PBM_10-1024x683.jpg\" alt=\"\" width=\"670\" height=\"447\" srcset=\"https:\/\/www.chill-in.cz\/wp-content\/uploads\/2019\/06\/PBM_10-1024x683.jpg 1024w, https:\/\/www.chill-in.cz\/wp-content\/uploads\/2019\/06\/PBM_10-300x200.jpg 300w, https:\/\/www.chill-in.cz\/wp-content\/uploads\/2019\/06\/PBM_10-768x512.jpg 768w\" sizes=\"auto, (max-width: 670px) 100vw, 670px\" \/><\/p>\n<p>Skoro u ka\u017ed\u00fdho receptu na internetu, kde se indick\u00e1 babi\u010dka m\u016f\u017ee inspirovat, je \u010dasto na za\u010d\u00e1tku receptu n\u011bjakej bl\u00e1bol plnej kec\u016f na t\u00e9ma j\u00eddla, kter\u00fd pl\u00e1nuje uva\u0159it. To m\u011b v\u017edycky tak trochu sralo a aby se \u010dlov\u011bk dostal k\u00a0podstat\u011b v\u011bci, musel nadbyte\u010dn\u00fd info odfiltrovat, co\u017e zabralo \u010das. No \u2026 a te\u010f je to v\u00fdborn\u00e1 p\u0159\u00edle\u017eitost, to za\u010d\u00edt d\u011blat taky, tak\u017ee zrovna te\u010f tady vznikl odstavec, kter\u00fd byl mo\u017en\u00e1 p\u0159e\u010dten, ale ka\u017edop\u00e1dn\u011b celkem k hovnu \ud83d\ude42<\/p>\n<p>Hm, co u\u017e. Jen pat\u0159\u00ed dodat, \u017ee tohle j\u00eddlo je bez masa. Hlavn\u00ed roli hraje <a href=\"http:\/\/www.chill-in.cz\/index.php\/paneer-panyr\/\"><strong>paneer<\/strong><\/a>, kter\u00fd um\u00ed to b\u00fdt v kombinaci s butter masalou pekeln\u011b vynikaj\u00edc\u00ed. Dneska u\u017e se d\u00e1 koupit v indick\u00fdch \u0161opech (je dra\u017e\u0161\u00ed ne\u017e maso), ale p\u0159edt\u00edm, ne\u017e toto bylo dostupn\u00fd, jedin\u00e1 cesta jak k n\u011bmu p\u0159ij\u00edt, byla jeho <a href=\"https:\/\/www.chill-in.cz\/index.php\/paneer-panyr\/\">v\u00fdroba<\/a>.<\/p>\n<p><strong>&#8212;&#8212;- update 2019\/06:<\/strong><\/p>\n<p>Ano, trochu to vypad\u00e1 jako <a href=\"http:\/\/www.chill-in.cz\/index.php\/chicken-tikka-masala\/\"><strong>tikka masala<\/strong><\/a> a m\u00e1 to s t\u00edm i leccos spole\u010dn\u00fdho, ale tato varianta tohoto je podstatn\u011b jednodu\u0161\u0161\u00ed na proces. Na rozd\u00edl od &#8222;tikka&#8220; se nemus\u00ed sma\u017eit kvantum cibule, nen\u00ed pot\u0159eba nic marinovat a nen\u00ed tak dlouhej seznam ingredienc\u00ed.<\/p>\n<p>Ekvivalentn\u00ed jm\u00e9no pro PANEER BUTTER MASALA je PANEER MAKHANI. Kdy\u017e se \u0159ekne t\u0159eba &#8222;tikka masala&#8220; nebo &#8222;biriyani&#8220;, tak ty maj\u00ed jak\u00fdsi svoje z\u00e1konitosti, ale jak se zd\u00e1, tak toto j\u00eddlo si ka\u017ed\u00e1 indick\u00e1 babi\u010dka d\u011bl\u00e1 po sv\u00fdm. Ka\u017edej pes jin\u00e1 ves. Nebyly dv\u011b hospody, kde by to va\u0159ili stejn\u011b a kolikr\u00e1t to neva\u0159ili stejn\u011b ani v t\u00e9 stejn\u00e9 hospod\u011b. Prost\u011b maj\u00ed nav\u00edc n\u011bjakou BUTTER GRAVY, co maj nachystanou k n\u011bjak\u00e9 masale, tak to hrknou do paneeru. U\u0161et\u0159\u00ed na mase, tak to je levn\u011bj\u0161\u00ed, ale to neznamen\u00e1, \u017ee je to men\u0161\u00ed z\u00e1\u017eitek.<\/p>\n<p>N\u00e1sleduje recept na <strong>6 porc\u00ed<\/strong>, celkov\u00fd re\u00e1ln\u00fd \u010das na p\u0159\u00edpravu by se mohl vej\u00edt pod<strong> 60 minut<\/strong>.<\/p>\n<p><span style=\"color: #ffffff;\">Keywords: paneer pan\u00fdr butter batr masala recept \u010desky jak uva\u0159it autenticky indick\u00e1 kuchyn\u011b gastro\u00a0chill-in blog chillin chilli<\/span><\/p>\n<p style=\"text-align: center;\">&#8212;&#8212;&#8212;- <strong>skupiny\u00a0<\/strong><strong>ingredienc\u00ed<\/strong>\u00a0&#8212;&#8212;&#8212;-<\/p>\n<p><strong>GRAVY <\/strong>(<a href=\"http:\/\/www.chill-in.cz\/index.php\/procedury\/\"><strong>procedura\u00a0<\/strong><\/a>MIXUJE\u0160)<\/p>\n<ul>\n<li>2 tbsp &#8211; <strong><a href=\"http:\/\/www.chill-in.cz\/index.php\/ghee\/\">GHEE<\/a><\/strong><\/li>\n<li>1\/2 hrnku ke\u0161u o\u0159ech\u016f<\/li>\n<li><strong>KO\u0158EN\u00cd CEL\u00c9<\/strong>\n<ul>\n<li>3 ks &#8211; su\u0161en\u00fd cel\u00fd papri\u0159ky (ide\u00e1ln\u011b kashmiri)<\/li>\n<li>1 ty\u010dka sko\u0159ice<\/li>\n<li>5 kardamom\u016f green<\/li>\n<li>2 ks &#8211; bobkov\u00fd listy<\/li>\n<li>1 tsp &#8211; \u0159\u00edmsk\u00fd km\u00edn<\/li>\n<li>5 h\u0159eb\u00ed\u010dk\u016f<\/li>\n<li>1\/2 tsp &#8211; pep\u0159<\/li>\n<\/ul>\n<\/li>\n<li>2 \u00f7 5 kousk\u016f mal\u00fdch fresh chilli (v nejlep\u0161\u00edm p\u0159\u00edpad\u011b <strong>green chilli &#8211; jwala<\/strong>)<\/li>\n<li>2 \u010derven\u00fd cibule &#8211; nakr\u00e1jet nahrubo<\/li>\n<li>3 tsp <strong>\u2013 <a href=\"http:\/\/www.chill-in.cz\/index.php\/zazvorovo-cesnekova-pasta\/\">z\u00e1zvorovo-\u010desnekov\u00e1 pasta (GG)<\/a><\/strong><\/li>\n<li>7 nakr\u00e1jen\u00fdch raj\u010dat<\/li>\n<li>200 ml &#8211; voda<\/li>\n<li><strong>KO\u0158EN\u00cd DRCEN\u00c9<\/strong>\n<ul>\n<li>1 tsp &#8211; garam masala<\/li>\n<li>1 tsp &#8211; turmenic powder<\/li>\n<li>1 tsp &#8211; chilli kashmiri<\/li>\n<li>2 tsp &#8211; s\u016fl<\/li>\n<\/ul>\n<\/li>\n<\/ul>\n<p><strong>VYVRCHOLEN\u00cd<\/strong> (<a href=\"http:\/\/www.chill-in.cz\/index.php\/procedury\/\"><strong>procedura<\/strong> <\/a>FINI\u0160UJE\u0160)<\/p>\n<ul>\n<li>5 tbsp &#8211; vylad\u011bnej b\u00edlej jogurt<\/li>\n<li>400 g &#8211; paneer<\/li>\n<li>1 tbsp\u00a0<strong><a href=\"http:\/\/www.chill-in.cz\/index.php\/ghee\/\">GHEE<\/a><\/strong><\/li>\n<li>1 tbsp &#8211; kasoori methi (bez toho se hovno stane)<\/li>\n<li>1 tbsp &#8211; cukr h\u0148ed\u00fd<\/li>\n<\/ul>\n<ul>\n<li>je\u0161t\u011b trochu poctiv\u00fdho b\u00edl\u00fdho jogurtu na ozdobu<\/li>\n<li>1 tbsp &#8211; fresh koriander do ka\u017ed\u00fdho hotov\u00fdho tal\u00ed\u0159a<\/li>\n<\/ul>\n<p><strong>P\u0158\u00cdLOHY<\/strong><\/p>\n<ul>\n<li>bu\u010fto si nachystej <a href=\"http:\/\/www.chill-in.cz\/index.php\/ryze\/\"><strong>r\u00fd\u017eu<\/strong><\/a> nebo <a href=\"http:\/\/www.chill-in.cz\/index.php\/paratha\/\"><strong>placky<\/strong><\/a>.<\/li>\n<\/ul>\n<p style=\"text-align: center;\">&#8212;&#8212;&#8212;- <b>p\u0159edehra\u00a0<\/b>&#8212;&#8212;&#8212;-<\/p>\n<p>Vyrob si dostate\u010dn\u00fd mno\u017estv\u00ed <a href=\"http:\/\/www.chill-in.cz\/index.php\/paneer-panyr\/\"><strong>paneeru<\/strong><\/a>.<\/p>\n<p>Nachystej si v\u0161echny ingredience a paraleln\u011b si p\u0159ipraf p\u0159\u00edlohu podle osobn\u00edch preferenc\u00ed.<\/p>\n<p style=\"text-align: center;\">&#8212;&#8212;&#8212;- <b>akce\u00a0<\/b>&#8212;&#8212;&#8212;-<\/p>\n<p><strong>1.<\/strong> Vezmi kastr\u00f3l, nech v\u00a0n\u011bm rozpustit ghee, a\u0165 to sy\u010d\u00ed, kdy\u017e do toho plivne\u0161.<\/p>\n<p><strong>2.<\/strong> Do rozpu\u0161t\u011bn\u00fdho m\u00e1sla vysyp ke\u0161u, ho\u010f to na full-flame a ke\u0161u se za\u010dne restovat. Toti\u017e &#8230;. vono p\u00e1r minut trv\u00e1, ne\u017e ke\u0161u o\u0159echy zhn\u011bdnou, tak pot\u0159ebujou trochu n\u00e1skok (minutu a\u017e dv\u011b) p\u0159ed p\u0159id\u00e1n\u00edm cel\u00fdch ko\u0159e\u0148\u016f. Cel\u00ed ko\u0159eni by se toti\u017e mohli nekontrolovateln\u011b p\u0159ismahnout.<\/p>\n<p><strong>3.<\/strong>\u00a0 Po\u0159\u00e1d se\u0161 na full-flame. Za ty dv\u011b minuty p\u0159idej v\u0161echno cel\u00fd ko\u0159en\u00ed, \u010derstv\u00fd zelen\u00fd chilli papri\u010dky (jwala), su\u0161en\u00fd chilli papri\u010dky (kashmiri) a\u00a0po\u0159\u00e1dn\u011b to poonanuj ve vrstv\u011b tekut\u00fdho m\u00e1sla. Toto by nem\u011blo trvat d\u00e9le, ne\u017e dv\u011b minuty. Pokud e\u0161t\u011b ke\u0161u nen\u00ed p\u011bkn\u011b zhn\u011bdl\u00fd, bude m\u00edt je\u0161t\u011b p\u0159\u00edle\u017eitost se ud\u011blat, a\u017e se bude mazlit s cibulou &#8230;<\/p>\n<p><img loading=\"lazy\" decoding=\"async\" class=\"aligncenter wp-image-1060 size-large\" src=\"http:\/\/www.chill-in.cz\/wp-content\/uploads\/2019\/06\/PBM_07-1024x683.jpg\" alt=\"\" width=\"670\" height=\"447\" srcset=\"https:\/\/www.chill-in.cz\/wp-content\/uploads\/2019\/06\/PBM_07-1024x683.jpg 1024w, https:\/\/www.chill-in.cz\/wp-content\/uploads\/2019\/06\/PBM_07-300x200.jpg 300w, https:\/\/www.chill-in.cz\/wp-content\/uploads\/2019\/06\/PBM_07-768x512.jpg 768w\" sizes=\"auto, (max-width: 670px) 100vw, 670px\" \/><\/p>\n<p><strong>4.<\/strong> &#8230; a na cibulu je pr\u00e1v\u011b te\u010f ten spr\u00e1vnej \u010das! Dej tomu t\u0159eba deset minut nebo prost\u011b do &#8222;sklen\u011bna&#8220;. Jako\u017ee cibula m\u00e1 furt svou barvu, ale je povadl\u00e1 a jej\u00ed okraje se zdaj\u00ed b\u00fdt transparentn\u00ed.<\/p>\n<p><img loading=\"lazy\" decoding=\"async\" class=\"aligncenter wp-image-1059 size-large\" src=\"http:\/\/www.chill-in.cz\/wp-content\/uploads\/2019\/06\/PBM_06-1024x683.jpg\" alt=\"\" width=\"670\" height=\"447\" srcset=\"https:\/\/www.chill-in.cz\/wp-content\/uploads\/2019\/06\/PBM_06-1024x683.jpg 1024w, https:\/\/www.chill-in.cz\/wp-content\/uploads\/2019\/06\/PBM_06-300x200.jpg 300w, https:\/\/www.chill-in.cz\/wp-content\/uploads\/2019\/06\/PBM_06-768x512.jpg 768w\" sizes=\"auto, (max-width: 670px) 100vw, 670px\" \/><\/p>\n<p style=\"text-align: left;\"><strong>5.<\/strong>\u00a0P\u0159idej nakr\u00e1jen\u00fd raj\u010data,\u00a0<strong><a href=\"http:\/\/www.chill-in.cz\/index.php\/zazvorovo-cesnekova-pasta\/\">GG<\/a><\/strong>, v\u0161echno KO\u0158EN\u00cd DRCEN\u00dd a mo\u017en\u00e1 a\u017e 2 tsp soli. Vono to sice tak nevypad\u00e1, ale mal\u00fd \u017eli\u010dky ko\u0159en\u00ed jsou nabran\u00fd tak, \u017ee jsou fakt stra\u0161n\u011b vrchovat\u00fd. Na \u017e\u00e1dnou &#8222;zarovnanou&#8220; \u010dajovou \u017eli\u010dku se nehraje. Zam\u00edchej a t\u0159eba p\u011bt a\u017e deset minut ob\u010das onanuj jen tak z povinnosti na <strong>low flame<\/strong>.<\/p>\n<p><img loading=\"lazy\" decoding=\"async\" class=\"aligncenter wp-image-1058 size-large\" src=\"http:\/\/www.chill-in.cz\/wp-content\/uploads\/2019\/06\/PBM_05-1024x683.jpg\" alt=\"\" width=\"670\" height=\"447\" srcset=\"https:\/\/www.chill-in.cz\/wp-content\/uploads\/2019\/06\/PBM_05-1024x683.jpg 1024w, https:\/\/www.chill-in.cz\/wp-content\/uploads\/2019\/06\/PBM_05-300x200.jpg 300w, https:\/\/www.chill-in.cz\/wp-content\/uploads\/2019\/06\/PBM_05-768x512.jpg 768w\" sizes=\"auto, (max-width: 670px) 100vw, 670px\" \/><\/p>\n<p><strong>6.<\/strong> Te\u010f by to t\u0159eba n\u011bjak takhle mohlo vypadat:<\/p>\n<p><img loading=\"lazy\" decoding=\"async\" class=\"aligncenter wp-image-1057 size-large\" src=\"http:\/\/www.chill-in.cz\/wp-content\/uploads\/2019\/06\/PBM_04-1024x683.jpg\" alt=\"\" width=\"670\" height=\"447\" srcset=\"https:\/\/www.chill-in.cz\/wp-content\/uploads\/2019\/06\/PBM_04-1024x683.jpg 1024w, https:\/\/www.chill-in.cz\/wp-content\/uploads\/2019\/06\/PBM_04-300x200.jpg 300w, https:\/\/www.chill-in.cz\/wp-content\/uploads\/2019\/06\/PBM_04-768x512.jpg 768w\" sizes=\"auto, (max-width: 670px) 100vw, 670px\" \/><\/p>\n<p><strong>7.<\/strong>\u00a0P\u0159idej 200 ml vody a zkontroluj slanost, a\u0165 to nen\u00ed m\u00e1lo, to by byla \u0161koda. Te\u010f to rozmixuj na molekuly. Pokud m\u00e1\u0161 n\u011bjakej fest mix\u00e9r, kam se to v\u0161echno vejde, pou\u017eij ho. Nicm\u00e9n\u011b ty\u010dovej mix\u00e9r bude sta\u010dit, sic bude trochu potr\u00e1pen. Chce to p\u0159ekro\u010dit 30 vte\u0159in jeho kontinu\u00e1ln\u00edho provozu, kter\u00fd doporu\u010duje v\u011bt\u0161ina v\u00fdrobc\u016f t\u011bchto bazmek\u016f, co\u017e je doba, za kterou by se je\u0161t\u011b n\u011bm\u011blo rozpustit plastov\u00fd kurv\u00edtko. Bylo by dobr\u00fd to mixovat dostate\u010dn\u011b dlouho, aby cel\u00fd ko\u0159en\u00ed u\u017e nebylo pevn\u00fd, n\u00fdbr\u017e tekut\u00fd.<\/p>\n<p><img loading=\"lazy\" decoding=\"async\" class=\"aligncenter wp-image-900 size-large\" src=\"http:\/\/www.chill-in.cz\/wp-content\/uploads\/2018\/05\/08-1024x683.jpg\" alt=\"\" width=\"670\" height=\"447\" srcset=\"https:\/\/www.chill-in.cz\/wp-content\/uploads\/2018\/05\/08-1024x683.jpg 1024w, https:\/\/www.chill-in.cz\/wp-content\/uploads\/2018\/05\/08-300x200.jpg 300w, https:\/\/www.chill-in.cz\/wp-content\/uploads\/2018\/05\/08-768x512.jpg 768w\" sizes=\"auto, (max-width: 670px) 100vw, 670px\" \/><\/p>\n<p style=\"text-align: center;\">&#8212;&#8212;&#8212;- <b>vyvrcholen\u00ed\u00a0<\/b>&#8212;&#8212;&#8212;-<\/p>\n<p><strong>8.<\/strong> P\u0159idej 5 tbsp b\u00edl\u00fdho jogurtu.<\/p>\n<p><img loading=\"lazy\" decoding=\"async\" class=\"aligncenter wp-image-1056 size-large\" src=\"http:\/\/www.chill-in.cz\/wp-content\/uploads\/2019\/06\/PBM_03-1024x683.jpg\" alt=\"\" width=\"670\" height=\"447\" srcset=\"https:\/\/www.chill-in.cz\/wp-content\/uploads\/2019\/06\/PBM_03-1024x683.jpg 1024w, https:\/\/www.chill-in.cz\/wp-content\/uploads\/2019\/06\/PBM_03-300x200.jpg 300w, https:\/\/www.chill-in.cz\/wp-content\/uploads\/2019\/06\/PBM_03-768x512.jpg 768w\" sizes=\"auto, (max-width: 670px) 100vw, 670px\" \/><\/p>\n<p><strong>9.<\/strong> P\u0159idej <strong><a href=\"http:\/\/www.chill-in.cz\/index.php\/paneer-panyr\/\">paneer<\/a><\/strong>\u00a0+ kasoori methi (voliteln\u011b) + 1 tbsp hn\u011bd\u00fdho cukru + 1 tbsp GHEE a dob\u0159e\u00a0to zam\u00edchej a nech pova\u0159it pod pokli\u010dkou t\u0159eba p\u011bt minut. M\u011blo by tam te\u010f b\u00fdt dost vl\u00e1hy, aby se to nep\u0159ipalovalo. I p\u0159esto to ob\u010das prom\u00edchni. Nedopus\u0165, aby fin\u00e1ln\u00ed konzistence byla moc tekut\u00e1, tak\u017ee se m\u016f\u017ee st\u00e1t, \u017ee te\u010f decentn\u011b REDUKUJE\u0160.<\/p>\n<p><img loading=\"lazy\" decoding=\"async\" class=\"aligncenter wp-image-1055 size-large\" src=\"http:\/\/www.chill-in.cz\/wp-content\/uploads\/2019\/06\/PBM_02-1024x683.jpg\" alt=\"\" width=\"670\" height=\"447\" srcset=\"https:\/\/www.chill-in.cz\/wp-content\/uploads\/2019\/06\/PBM_02-1024x683.jpg 1024w, https:\/\/www.chill-in.cz\/wp-content\/uploads\/2019\/06\/PBM_02-300x200.jpg 300w, https:\/\/www.chill-in.cz\/wp-content\/uploads\/2019\/06\/PBM_02-768x512.jpg 768w\" sizes=\"auto, (max-width: 670px) 100vw, 670px\" \/><\/p>\n<p><strong>10.<\/strong> Nech to dva dny odle\u017eet v ledni\u010dce, ale pravd\u011bpodobn\u011bj\u0161\u00ed varianta je, \u017ee za dva dny u\u017e po tomto pokrmu z\u016fstane jenom vzpom\u00ednka a n\u011bkolik hoven v \u010cOVce.\u00a0Serv\u00edruj posyp\u00e1no \u010derstv\u00fdm koriandrem s plackou nebo basmati r\u00fd\u017eou.<\/p>\n<p><img loading=\"lazy\" decoding=\"async\" class=\"aligncenter wp-image-1065 size-large\" src=\"http:\/\/www.chill-in.cz\/wp-content\/uploads\/2019\/06\/PBM_12-1024x683.jpg\" alt=\"\" width=\"670\" height=\"447\" srcset=\"https:\/\/www.chill-in.cz\/wp-content\/uploads\/2019\/06\/PBM_12-1024x683.jpg 1024w, https:\/\/www.chill-in.cz\/wp-content\/uploads\/2019\/06\/PBM_12-300x200.jpg 300w, https:\/\/www.chill-in.cz\/wp-content\/uploads\/2019\/06\/PBM_12-768x512.jpg 768w\" sizes=\"auto, (max-width: 670px) 100vw, 670px\" \/><\/p>\n<p style=\"text-align: center;\">&#8212;&#8212;&#8212;- <strong>fotogalerie\u00a0<\/strong>&#8212;&#8212;&#8212;-<\/p>\n<div id='gallery-1' class='gallery galleryid-871 gallery-columns-2 gallery-size-medium'><figure class='gallery-item'>\n\t\t\t<div class='gallery-icon landscape'>\n\t\t\t\t<a href='https:\/\/www.chill-in.cz\/wp-content\/uploads\/2019\/06\/PBM_12.jpg'><img loading=\"lazy\" decoding=\"async\" width=\"300\" height=\"200\" src=\"https:\/\/www.chill-in.cz\/wp-content\/uploads\/2019\/06\/PBM_12-300x200.jpg\" class=\"attachment-medium size-medium\" alt=\"\" srcset=\"https:\/\/www.chill-in.cz\/wp-content\/uploads\/2019\/06\/PBM_12-300x200.jpg 300w, https:\/\/www.chill-in.cz\/wp-content\/uploads\/2019\/06\/PBM_12-768x512.jpg 768w, https:\/\/www.chill-in.cz\/wp-content\/uploads\/2019\/06\/PBM_12-1024x683.jpg 1024w\" sizes=\"auto, (max-width: 300px) 100vw, 300px\" \/><\/a>\n\t\t\t<\/div><\/figure><figure class='gallery-item'>\n\t\t\t<div class='gallery-icon landscape'>\n\t\t\t\t<a href='https:\/\/www.chill-in.cz\/wp-content\/uploads\/2019\/06\/PBM_09.jpg'><img loading=\"lazy\" decoding=\"async\" width=\"300\" height=\"200\" src=\"https:\/\/www.chill-in.cz\/wp-content\/uploads\/2019\/06\/PBM_09-300x200.jpg\" class=\"attachment-medium size-medium\" alt=\"\" srcset=\"https:\/\/www.chill-in.cz\/wp-content\/uploads\/2019\/06\/PBM_09-300x200.jpg 300w, https:\/\/www.chill-in.cz\/wp-content\/uploads\/2019\/06\/PBM_09-768x512.jpg 768w, https:\/\/www.chill-in.cz\/wp-content\/uploads\/2019\/06\/PBM_09-1024x683.jpg 1024w\" sizes=\"auto, (max-width: 300px) 100vw, 300px\" \/><\/a>\n\t\t\t<\/div><\/figure><figure class='gallery-item'>\n\t\t\t<div class='gallery-icon landscape'>\n\t\t\t\t<a href='https:\/\/www.chill-in.cz\/wp-content\/uploads\/2019\/06\/PBM_01.jpg'><img loading=\"lazy\" decoding=\"async\" width=\"300\" height=\"200\" src=\"https:\/\/www.chill-in.cz\/wp-content\/uploads\/2019\/06\/PBM_01-300x200.jpg\" class=\"attachment-medium size-medium\" alt=\"\" srcset=\"https:\/\/www.chill-in.cz\/wp-content\/uploads\/2019\/06\/PBM_01-300x200.jpg 300w, https:\/\/www.chill-in.cz\/wp-content\/uploads\/2019\/06\/PBM_01-768x512.jpg 768w, https:\/\/www.chill-in.cz\/wp-content\/uploads\/2019\/06\/PBM_01-1024x683.jpg 1024w\" sizes=\"auto, (max-width: 300px) 100vw, 300px\" \/><\/a>\n\t\t\t<\/div><\/figure><figure class='gallery-item'>\n\t\t\t<div class='gallery-icon landscape'>\n\t\t\t\t<a href='https:\/\/www.chill-in.cz\/wp-content\/uploads\/2019\/06\/PBM_08.jpg'><img loading=\"lazy\" decoding=\"async\" width=\"300\" height=\"200\" src=\"https:\/\/www.chill-in.cz\/wp-content\/uploads\/2019\/06\/PBM_08-300x200.jpg\" class=\"attachment-medium size-medium\" alt=\"\" aria-describedby=\"gallery-1-1061\" srcset=\"https:\/\/www.chill-in.cz\/wp-content\/uploads\/2019\/06\/PBM_08-300x200.jpg 300w, https:\/\/www.chill-in.cz\/wp-content\/uploads\/2019\/06\/PBM_08-768x512.jpg 768w, https:\/\/www.chill-in.cz\/wp-content\/uploads\/2019\/06\/PBM_08-1024x683.jpg 1024w\" sizes=\"auto, (max-width: 300px) 100vw, 300px\" \/><\/a>\n\t\t\t<\/div>\n\t\t\t\t<figcaption class='wp-caption-text gallery-caption' id='gallery-1-1061'>\n\t\t\t\tz\u00e1klad j\u00eddla\n\t\t\t\t<\/figcaption><\/figure><figure class='gallery-item'>\n\t\t\t<div class='gallery-icon landscape'>\n\t\t\t\t<a href='https:\/\/www.chill-in.cz\/wp-content\/uploads\/2019\/06\/PBM_07.jpg'><img loading=\"lazy\" decoding=\"async\" width=\"300\" height=\"200\" src=\"https:\/\/www.chill-in.cz\/wp-content\/uploads\/2019\/06\/PBM_07-300x200.jpg\" class=\"attachment-medium size-medium\" alt=\"\" srcset=\"https:\/\/www.chill-in.cz\/wp-content\/uploads\/2019\/06\/PBM_07-300x200.jpg 300w, https:\/\/www.chill-in.cz\/wp-content\/uploads\/2019\/06\/PBM_07-768x512.jpg 768w, https:\/\/www.chill-in.cz\/wp-content\/uploads\/2019\/06\/PBM_07-1024x683.jpg 1024w\" sizes=\"auto, (max-width: 300px) 100vw, 300px\" \/><\/a>\n\t\t\t<\/div><\/figure><figure class='gallery-item'>\n\t\t\t<div class='gallery-icon landscape'>\n\t\t\t\t<a href='https:\/\/www.chill-in.cz\/wp-content\/uploads\/2019\/06\/PBM_06.jpg'><img loading=\"lazy\" decoding=\"async\" width=\"300\" height=\"200\" src=\"https:\/\/www.chill-in.cz\/wp-content\/uploads\/2019\/06\/PBM_06-300x200.jpg\" class=\"attachment-medium size-medium\" alt=\"\" srcset=\"https:\/\/www.chill-in.cz\/wp-content\/uploads\/2019\/06\/PBM_06-300x200.jpg 300w, https:\/\/www.chill-in.cz\/wp-content\/uploads\/2019\/06\/PBM_06-768x512.jpg 768w, https:\/\/www.chill-in.cz\/wp-content\/uploads\/2019\/06\/PBM_06-1024x683.jpg 1024w\" sizes=\"auto, (max-width: 300px) 100vw, 300px\" \/><\/a>\n\t\t\t<\/div><\/figure><figure class='gallery-item'>\n\t\t\t<div class='gallery-icon landscape'>\n\t\t\t\t<a href='https:\/\/www.chill-in.cz\/wp-content\/uploads\/2019\/06\/PBM_05.jpg'><img loading=\"lazy\" decoding=\"async\" width=\"300\" height=\"200\" src=\"https:\/\/www.chill-in.cz\/wp-content\/uploads\/2019\/06\/PBM_05-300x200.jpg\" class=\"attachment-medium size-medium\" alt=\"\" srcset=\"https:\/\/www.chill-in.cz\/wp-content\/uploads\/2019\/06\/PBM_05-300x200.jpg 300w, https:\/\/www.chill-in.cz\/wp-content\/uploads\/2019\/06\/PBM_05-768x512.jpg 768w, https:\/\/www.chill-in.cz\/wp-content\/uploads\/2019\/06\/PBM_05-1024x683.jpg 1024w\" sizes=\"auto, (max-width: 300px) 100vw, 300px\" \/><\/a>\n\t\t\t<\/div><\/figure><figure class='gallery-item'>\n\t\t\t<div class='gallery-icon landscape'>\n\t\t\t\t<a href='https:\/\/www.chill-in.cz\/wp-content\/uploads\/2019\/06\/PBM_04.jpg'><img loading=\"lazy\" decoding=\"async\" width=\"300\" height=\"200\" src=\"https:\/\/www.chill-in.cz\/wp-content\/uploads\/2019\/06\/PBM_04-300x200.jpg\" class=\"attachment-medium size-medium\" alt=\"\" srcset=\"https:\/\/www.chill-in.cz\/wp-content\/uploads\/2019\/06\/PBM_04-300x200.jpg 300w, https:\/\/www.chill-in.cz\/wp-content\/uploads\/2019\/06\/PBM_04-768x512.jpg 768w, https:\/\/www.chill-in.cz\/wp-content\/uploads\/2019\/06\/PBM_04-1024x683.jpg 1024w\" sizes=\"auto, (max-width: 300px) 100vw, 300px\" \/><\/a>\n\t\t\t<\/div><\/figure><figure class='gallery-item'>\n\t\t\t<div class='gallery-icon landscape'>\n\t\t\t\t<a href='https:\/\/www.chill-in.cz\/wp-content\/uploads\/2019\/06\/PBM_03.jpg'><img loading=\"lazy\" decoding=\"async\" width=\"300\" height=\"200\" src=\"https:\/\/www.chill-in.cz\/wp-content\/uploads\/2019\/06\/PBM_03-300x200.jpg\" class=\"attachment-medium size-medium\" alt=\"\" srcset=\"https:\/\/www.chill-in.cz\/wp-content\/uploads\/2019\/06\/PBM_03-300x200.jpg 300w, https:\/\/www.chill-in.cz\/wp-content\/uploads\/2019\/06\/PBM_03-768x512.jpg 768w, https:\/\/www.chill-in.cz\/wp-content\/uploads\/2019\/06\/PBM_03-1024x683.jpg 1024w\" sizes=\"auto, (max-width: 300px) 100vw, 300px\" \/><\/a>\n\t\t\t<\/div><\/figure><figure class='gallery-item'>\n\t\t\t<div class='gallery-icon landscape'>\n\t\t\t\t<a href='https:\/\/www.chill-in.cz\/wp-content\/uploads\/2019\/06\/PBM_02.jpg'><img loading=\"lazy\" decoding=\"async\" width=\"300\" height=\"200\" src=\"https:\/\/www.chill-in.cz\/wp-content\/uploads\/2019\/06\/PBM_02-300x200.jpg\" class=\"attachment-medium size-medium\" alt=\"\" srcset=\"https:\/\/www.chill-in.cz\/wp-content\/uploads\/2019\/06\/PBM_02-300x200.jpg 300w, https:\/\/www.chill-in.cz\/wp-content\/uploads\/2019\/06\/PBM_02-768x512.jpg 768w, https:\/\/www.chill-in.cz\/wp-content\/uploads\/2019\/06\/PBM_02-1024x683.jpg 1024w\" sizes=\"auto, (max-width: 300px) 100vw, 300px\" \/><\/a>\n\t\t\t<\/div><\/figure><figure class='gallery-item'>\n\t\t\t<div class='gallery-icon landscape'>\n\t\t\t\t<a href='https:\/\/www.chill-in.cz\/wp-content\/uploads\/2019\/06\/PBM_11.jpg'><img loading=\"lazy\" decoding=\"async\" width=\"300\" height=\"200\" src=\"https:\/\/www.chill-in.cz\/wp-content\/uploads\/2019\/06\/PBM_11-300x200.jpg\" class=\"attachment-medium size-medium\" alt=\"\" srcset=\"https:\/\/www.chill-in.cz\/wp-content\/uploads\/2019\/06\/PBM_11-300x200.jpg 300w, https:\/\/www.chill-in.cz\/wp-content\/uploads\/2019\/06\/PBM_11-768x512.jpg 768w, https:\/\/www.chill-in.cz\/wp-content\/uploads\/2019\/06\/PBM_11-1024x683.jpg 1024w\" sizes=\"auto, (max-width: 300px) 100vw, 300px\" \/><\/a>\n\t\t\t<\/div><\/figure><figure class='gallery-item'>\n\t\t\t<div class='gallery-icon landscape'>\n\t\t\t\t<a href='https:\/\/www.chill-in.cz\/wp-content\/uploads\/2019\/06\/PBM_10.jpg'><img loading=\"lazy\" decoding=\"async\" width=\"300\" height=\"200\" src=\"https:\/\/www.chill-in.cz\/wp-content\/uploads\/2019\/06\/PBM_10-300x200.jpg\" class=\"attachment-medium size-medium\" alt=\"\" srcset=\"https:\/\/www.chill-in.cz\/wp-content\/uploads\/2019\/06\/PBM_10-300x200.jpg 300w, https:\/\/www.chill-in.cz\/wp-content\/uploads\/2019\/06\/PBM_10-768x512.jpg 768w, https:\/\/www.chill-in.cz\/wp-content\/uploads\/2019\/06\/PBM_10-1024x683.jpg 1024w\" sizes=\"auto, (max-width: 300px) 100vw, 300px\" \/><\/a>\n\t\t\t<\/div><\/figure>\n\t\t<\/div>\n\n","protected":false},"excerpt":{"rendered":"<p>RECEPTY INDIE -&gt; PANEER BUTTER MASALA Skoro u ka\u017ed\u00fdho receptu na internetu, kde se indick\u00e1 babi\u010dka m\u016f\u017ee inspirovat, je \u010dasto na za\u010d\u00e1tku receptu n\u011bjakej bl\u00e1bol plnej kec\u016f na t\u00e9ma j\u00eddla, kter\u00fd pl\u00e1nuje uva\u0159it. To m\u011b v\u017edycky tak trochu sralo a aby se \u010dlov\u011bk dostal k\u00a0podstat\u011b v\u011bci, musel nadbyte\u010dn\u00fd info odfiltrovat, co\u017e zabralo \u010das. No \u2026 a te\u010f je to v\u00fdborn\u00e1 p\u0159\u00edle\u017eitost, to za\u010d\u00edt d\u011blat taky, tak\u017ee zrovna te\u010f tady vznikl odstavec, kter\u00fd byl mo\u017en\u00e1 p\u0159e\u010dten, ale ka\u017edop\u00e1dn\u011b celkem k hovnu \ud83d\ude42 Hm, co u\u017e. Jen pat\u0159\u00ed dodat, \u017ee tohle j\u00eddlo je bez masa. Hlavn\u00ed roli hraje paneer, kter\u00fd um\u00ed to [&hellip;]<\/p>\n","protected":false},"author":1,"featured_media":0,"parent":0,"menu_order":0,"comment_status":"closed","ping_status":"closed","template":"","meta":{"_bbp_topic_count":0,"_bbp_reply_count":0,"_bbp_total_topic_count":0,"_bbp_total_reply_count":0,"_bbp_voice_count":0,"_bbp_anonymous_reply_count":0,"_bbp_topic_count_hidden":0,"_bbp_reply_count_hidden":0,"_bbp_forum_subforum_count":0,"_exactmetrics_skip_tracking":false,"_exactmetrics_sitenote_active":false,"_exactmetrics_sitenote_note":"","_exactmetrics_sitenote_category":0,"footnotes":""},"class_list":["post-871","page","type-page","status-publish","hentry"],"_links":{"self":[{"href":"https:\/\/www.chill-in.cz\/index.php\/wp-json\/wp\/v2\/pages\/871","targetHints":{"allow":["GET"]}}],"collection":[{"href":"https:\/\/www.chill-in.cz\/index.php\/wp-json\/wp\/v2\/pages"}],"about":[{"href":"https:\/\/www.chill-in.cz\/index.php\/wp-json\/wp\/v2\/types\/page"}],"author":[{"embeddable":true,"href":"https:\/\/www.chill-in.cz\/index.php\/wp-json\/wp\/v2\/users\/1"}],"replies":[{"embeddable":true,"href":"https:\/\/www.chill-in.cz\/index.php\/wp-json\/wp\/v2\/comments?post=871"}],"version-history":[{"count":50,"href":"https:\/\/www.chill-in.cz\/index.php\/wp-json\/wp\/v2\/pages\/871\/revisions"}],"predecessor-version":[{"id":2209,"href":"https:\/\/www.chill-in.cz\/index.php\/wp-json\/wp\/v2\/pages\/871\/revisions\/2209"}],"wp:attachment":[{"href":"https:\/\/www.chill-in.cz\/index.php\/wp-json\/wp\/v2\/media?parent=871"}],"curies":[{"name":"wp","href":"https:\/\/api.w.org\/{rel}","templated":true}]}}